{"id":2000,"date":"2017-02-13T12:25:25","date_gmt":"2017-02-13T13:06:03","guid":{"rendered":"http:\/\/kaderli.dev\/product\/piscines-hors-sol-ou-demi-enterree\/"},"modified":"2017-08-11T09:21:55","modified_gmt":"2017-08-11T09:21:55","slug":"piscines-hors-sol-ou-demi-enterree","status":"publish","type":"product","link":"https:\/\/kaderli.ch\/fr\/product\/piscines-hors-sol-ou-demi-enterree\/","title":{"rendered":"Piscine oval hors sol ou demi enterr\u00e9"},"content":{"rendered":"<p>Le plus part des piscindes demi-enterr\u00e9e ou hors sol sont ronde ou oval. Les piscines le meilleurs march\u00e9, qui&rsquo;il peuvent \u00eatre d\u00e9mont\u00e9e l&rsquo;hiver, sont souvent mont\u00e9e sur un sol en gravier ou sable nivl\u00e9e. <br \/>Les piscines qu&rsquo;ils sont pos\u00e9e pour plusieurs ann\u00e9es et qu&rsquo;ils doivent \u00eatre fix\u00e9e sur le sol, on pr\u00e9pare une chape en b\u00eaton. Pour les piscines ovals ils faut laisser souvent des fouilles libre pour les railles ou les fixations.<br \/>Pour les piscines hors sol ou demi enter\u00e9e on ne peut pas utiliser des margelles en b\u00eaton. La tecnique avec le filtre on peut laisser derri\u00e9re la piscine, deri\u00e9re les arbustes ou tirer dans un cabane ou le b\u00e2timent.Les indications de prix sont uniquement compt\u00e9e pour les travaux d&rsquo;annexe. Pour la fourniture et montage des piscines et \u00e9quipement gardez la liste de prix ou l&rsquo;offre de votre fournisseur.<\/p>\n","protected":false},"excerpt":{"rendered":"<p>Le plus part des piscindes demi-enterr\u00e9e ou hors sol sont ronde ou oval. Les piscines le meilleurs march\u00e9, qui&#039;il peuvent \u00eatre d\u00e9mont\u00e9e l&#039;hiver, sont souvent mont\u00e9e sur un sol en gravier ou sable nivl\u00e9e. <br \/>Les piscines qu&#039;ils sont pos\u00e9e pour plusieurs ann\u00e9es et qu&#039;ils doivent \u00eatre fix\u00e9e sur le sol, on pr\u00e9pare une chape en b\u00eaton. Pour les piscines ovals ils faut laisser souvent des fouilles libre pour les railles ou les fixations.<br \/>Pour les piscines hors sol ou demi enter\u00e9e on ne peut pas utiliser des margelles en b\u00eaton. La tecnique avec le filtre on peut laisser derri\u00e9re la piscine, deri\u00e9re les arbustes ou tirer dans un cabane ou le b\u00e2timent.Les indications de prix sont uniquement compt\u00e9e pour les travaux d&#039;annexe. Pour la fourniture et montage des piscines et \u00e9quipement gardez la liste de prix ou l&#039;offre de votre fournisseur.<\/p>\n","protected":false},"featured_media":996,"template":"","meta":[],"product_brand":[],"product_cat":[78],"product_tag":[810],"class_list":{"0":"post-2000","1":"product","2":"type-product","3":"status-publish","4":"has-post-thumbnail","6":"product_cat-piscine","7":"product_tag-eau","8":"pa_dimensions-quadratmeter-fr","9":"pa_id-143-fr","10":"pa_link-www-piscine-aebi-kaderli-ch-fr","12":"first","13":"instock","14":"virtual","15":"product-type-simple"},"_links":{"self":[{"href":"https:\/\/kaderli.ch\/fr\/wp-json\/wp\/v2\/product\/2000","targetHints":{"allow":["GET"]}}],"collection":[{"href":"https:\/\/kaderli.ch\/fr\/wp-json\/wp\/v2\/product"}],"about":[{"href":"https:\/\/kaderli.ch\/fr\/wp-json\/wp\/v2\/types\/product"}],"wp:featuredmedia":[{"embeddable":true,"href":"https:\/\/kaderli.ch\/fr\/wp-json\/wp\/v2\/media\/996"}],"wp:attachment":[{"href":"https:\/\/kaderli.ch\/fr\/wp-json\/wp\/v2\/media?parent=2000"}],"wp:term":[{"taxonomy":"product_brand","embeddable":true,"href":"https:\/\/kaderli.ch\/fr\/wp-json\/wp\/v2\/product_brand?post=2000"},{"taxonomy":"product_cat","embeddable":true,"href":"https:\/\/kaderli.ch\/fr\/wp-json\/wp\/v2\/product_cat?post=2000"},{"taxonomy":"product_tag","embeddable":true,"href":"https:\/\/kaderli.ch\/fr\/wp-json\/wp\/v2\/product_tag?post=2000"}],"curies":[{"name":"wp","href":"https:\/\/api.w.org\/{rel}","templated":true}]}}