{"id":2001,"date":"2017-02-13T12:25:25","date_gmt":"2017-02-13T13:06:03","guid":{"rendered":"http:\/\/kaderli.dev\/product\/piscine-ronde-ou-oval-enteree\/"},"modified":"2017-08-11T09:24:59","modified_gmt":"2017-08-11T09:24:59","slug":"piscine-ronde-ou-oval-enteree","status":"publish","type":"product","link":"https:\/\/kaderli.ch\/fr\/product\/piscine-ronde-ou-oval-enteree\/","title":{"rendered":"Piscine ronde ou oval enterr\u00e9"},"content":{"rendered":"<p>Ces piscines plust\u00f4t meilleur march\u00e9 (Summum, Discovery&#8230;.) sont en g\u00e9n\u00e9ral ronde ou oval dans leurs forme, est ils sont stabilis\u00e9e avec des railles de sout\u00e9n\u00e9ment en m\u00e9tal ou plastique. Ils peuvent \u00eatre mont\u00e9e avec les couvertines originale en plastique ou quelques mod\u00e8lles aussi avec des margelles en b\u00e9ton (a queleques mod\u00e8les deja compris dans le set). Le font est b\u00e9ton\u00e9e et l&rsquo;autour est remplie en b\u00e9ton maigre ou b\u00e9ton drainante.<br \/>Les indications de prix sont uniquement compt\u00e9e pour les travaux d&rsquo;annexe. Pour la fourniture et montage des piscines et \u00e9quipement gardez la liste de prix ou l&rsquo;offre de votre fournisseur.<\/p>\n","protected":false},"excerpt":{"rendered":"<p>Ces piscines plust\u00f4t meilleur march\u00e9 (Summum, Discovery&#8230;.) sont en g\u00e9n\u00e9ral ronde ou oval dans leurs forme, est ils sont stabilis\u00e9e avec des railles de sout\u00e9n\u00e9ment en m\u00e9tal ou plastique. Ils peuvent \u00eatre mont\u00e9e avec les couvertines originale en plastique ou quelques mod\u00e8lles aussi avec des margelles en b\u00e9ton (a queleques mod\u00e8les deja compris dans le set). Le font est b\u00e9ton\u00e9e et l&#039;autour est remplie en b\u00e9ton maigre ou b\u00e9ton drainante.<br \/>Les indications de prix sont uniquement compt\u00e9e pour les travaux d&#039;annexe. Pour la fourniture et montage des piscines et \u00e9quipement gardez la liste de prix ou l&#039;offre de votre fournisseur.<\/p>\n","protected":false},"featured_media":1001,"template":"","meta":[],"product_brand":[],"product_cat":[78],"product_tag":[810],"class_list":{"0":"post-2001","1":"product","2":"type-product","3":"status-publish","4":"has-post-thumbnail","6":"product_cat-piscine","7":"product_tag-eau","8":"pa_dimensions-quadratmeter-fr","9":"pa_id-144-fr","10":"pa_link-www-piscine-aebi-kaderli-ch-fr","11":"pa_similar-170-fr","13":"first","14":"instock","15":"virtual","16":"product-type-simple"},"_links":{"self":[{"href":"https:\/\/kaderli.ch\/fr\/wp-json\/wp\/v2\/product\/2001","targetHints":{"allow":["GET"]}}],"collection":[{"href":"https:\/\/kaderli.ch\/fr\/wp-json\/wp\/v2\/product"}],"about":[{"href":"https:\/\/kaderli.ch\/fr\/wp-json\/wp\/v2\/types\/product"}],"wp:featuredmedia":[{"embeddable":true,"href":"https:\/\/kaderli.ch\/fr\/wp-json\/wp\/v2\/media\/1001"}],"wp:attachment":[{"href":"https:\/\/kaderli.ch\/fr\/wp-json\/wp\/v2\/media?parent=2001"}],"wp:term":[{"taxonomy":"product_brand","embeddable":true,"href":"https:\/\/kaderli.ch\/fr\/wp-json\/wp\/v2\/product_brand?post=2001"},{"taxonomy":"product_cat","embeddable":true,"href":"https:\/\/kaderli.ch\/fr\/wp-json\/wp\/v2\/product_cat?post=2001"},{"taxonomy":"product_tag","embeddable":true,"href":"https:\/\/kaderli.ch\/fr\/wp-json\/wp\/v2\/product_tag?post=2001"}],"curies":[{"name":"wp","href":"https:\/\/api.w.org\/{rel}","templated":true}]}}