{"id":2002,"date":"2017-02-13T12:25:25","date_gmt":"2017-02-13T13:06:03","guid":{"rendered":"http:\/\/kaderli.dev\/product\/pediluve-et-douche-sahara\/"},"modified":"2017-08-11T09:40:56","modified_gmt":"2017-08-11T09:40:56","slug":"pediluve-et-douche-sahara","status":"publish","type":"product","link":"https:\/\/kaderli.ch\/fr\/product\/pediluve-et-douche-sahara\/","title":{"rendered":"pediluve pour douche"},"content":{"rendered":"<p>Quand on a deja poser des dalles ou des margelles Sahara autour de la piscine, on peut combiner la pediluve Sahara.<\/p>\n","protected":false},"excerpt":{"rendered":"<p>Un p\u00e9diluve peut \u00eatre disponible pr\u00e9fabrique dans quelque sortes des surfaces des dalles, ou cr\u00e9e avec les dalles de jardin.<\/p>\n","protected":false},"featured_media":3057,"template":"","meta":[],"product_brand":[],"product_cat":[83],"product_tag":[804,810],"class_list":{"0":"post-2002","1":"product","2":"type-product","3":"status-publish","4":"has-post-thumbnail","6":"product_cat-accesoires-de-piscine","7":"product_tag-aed","8":"product_tag-eau","9":"pa_dimensions-stueck-fr","10":"pa_id-147-fr","12":"first","13":"instock","14":"virtual","15":"purchasable","16":"product-type-simple"},"_links":{"self":[{"href":"https:\/\/kaderli.ch\/fr\/wp-json\/wp\/v2\/product\/2002","targetHints":{"allow":["GET"]}}],"collection":[{"href":"https:\/\/kaderli.ch\/fr\/wp-json\/wp\/v2\/product"}],"about":[{"href":"https:\/\/kaderli.ch\/fr\/wp-json\/wp\/v2\/types\/product"}],"wp:featuredmedia":[{"embeddable":true,"href":"https:\/\/kaderli.ch\/fr\/wp-json\/wp\/v2\/media\/3057"}],"wp:attachment":[{"href":"https:\/\/kaderli.ch\/fr\/wp-json\/wp\/v2\/media?parent=2002"}],"wp:term":[{"taxonomy":"product_brand","embeddable":true,"href":"https:\/\/kaderli.ch\/fr\/wp-json\/wp\/v2\/product_brand?post=2002"},{"taxonomy":"product_cat","embeddable":true,"href":"https:\/\/kaderli.ch\/fr\/wp-json\/wp\/v2\/product_cat?post=2002"},{"taxonomy":"product_tag","embeddable":true,"href":"https:\/\/kaderli.ch\/fr\/wp-json\/wp\/v2\/product_tag?post=2002"}],"curies":[{"name":"wp","href":"https:\/\/api.w.org\/{rel}","templated":true}]}}