{"id":2005,"date":"2017-02-13T12:25:38","date_gmt":"2017-02-13T13:06:14","guid":{"rendered":"http:\/\/kaderli.dev\/product\/divers-accesoires-pompoe-chaleur\/"},"modified":"2017-08-09T12:57:01","modified_gmt":"2017-08-09T12:57:01","slug":"divers-accesoires-pompoe-chaleur","status":"publish","type":"product","link":"https:\/\/kaderli.ch\/fr\/product\/divers-accesoires-pompoe-chaleur\/","title":{"rendered":"Integration accesoires dans l&rsquo;am\u00e9nagement"},"content":{"rendered":"<p>Les images \u00e0 cot\u00e9 peuvent montrer comment les accesoires peuvent \u00eatre int\u00e9gr\u00e9e dans les am\u00e9nagements \u00e9xt\u00e9rieurs:<\/p>\n","protected":false},"excerpt":{"rendered":"<p>Les images \u00e0 cot\u00e9 peuvent montrer comment les accesoires peuvent \u00eatre int\u00e9gr\u00e9e dans les am\u00e9nagements \u00e9xt\u00e9rieurs:<\/p>\n","protected":false},"featured_media":1009,"template":"","meta":[],"product_brand":[],"product_cat":[83],"product_tag":[810],"class_list":{"0":"post-2005","1":"product","2":"type-product","3":"status-publish","4":"has-post-thumbnail","6":"product_cat-accesoires-de-piscine","7":"product_tag-eau","8":"pa_dimensions-stueck-fr","9":"pa_id-150-fr","10":"pa_link-www-clubpiscine-ch-fr","12":"first","13":"instock","14":"virtual","15":"purchasable","16":"product-type-simple"},"_links":{"self":[{"href":"https:\/\/kaderli.ch\/fr\/wp-json\/wp\/v2\/product\/2005","targetHints":{"allow":["GET"]}}],"collection":[{"href":"https:\/\/kaderli.ch\/fr\/wp-json\/wp\/v2\/product"}],"about":[{"href":"https:\/\/kaderli.ch\/fr\/wp-json\/wp\/v2\/types\/product"}],"wp:featuredmedia":[{"embeddable":true,"href":"https:\/\/kaderli.ch\/fr\/wp-json\/wp\/v2\/media\/1009"}],"wp:attachment":[{"href":"https:\/\/kaderli.ch\/fr\/wp-json\/wp\/v2\/media?parent=2005"}],"wp:term":[{"taxonomy":"product_brand","embeddable":true,"href":"https:\/\/kaderli.ch\/fr\/wp-json\/wp\/v2\/product_brand?post=2005"},{"taxonomy":"product_cat","embeddable":true,"href":"https:\/\/kaderli.ch\/fr\/wp-json\/wp\/v2\/product_cat?post=2005"},{"taxonomy":"product_tag","embeddable":true,"href":"https:\/\/kaderli.ch\/fr\/wp-json\/wp\/v2\/product_tag?post=2005"}],"curies":[{"name":"wp","href":"https:\/\/api.w.org\/{rel}","templated":true}]}}