{"id":2008,"date":"2017-02-13T12:25:38","date_gmt":"2017-02-13T13:06:14","guid":{"rendered":"http:\/\/kaderli.dev\/product\/granit-hs-serie-nature\/"},"modified":"2017-08-10T13:14:27","modified_gmt":"2017-08-10T13:14:27","slug":"granit-hs-serie-nature","status":"publish","type":"product","link":"https:\/\/kaderli.ch\/fr\/product\/granit-hs-serie-nature\/","title":{"rendered":"Blocs en granit"},"content":{"rendered":"<p>Les Blocs en Granit sont tr\u00e9s r\u00e9gulieres dans les formes. Les murets avec les blocs en Granit sont des plus solides. Avec les blocs en Granit on recevoit des muret tr\u00e9s r\u00e9giliere et haute qualit\u00e9e, mais ils sont aussi un peu plus ch\u00e9re. Les blocs en granit de notres r\u00e9gions ont les trous de percement que viennent du fondage dans les carri\u00e8res. Sur demande ils peuvent \u00eatre taille dehors, mais sa se remarque dans le prix des pierres.<\/p>\n","protected":false},"excerpt":{"rendered":"<p>Les Blocs en Granit sont tr\u00e9s r\u00e9gulieres dans les formes. Les murets avec les blocs en Granit sont des plus solides.&nbsp;<\/p>\n<p>Les blocs en granit de nos r\u00e9gions ont les trous de percement que viennent du fendage dans les carri\u00e8res. Sur demande ils peuvent \u00eatre taille dehors, mais sa se remarque dans le prix des pierres.<\/p>\n<p>Sinon les blocs viennes souvent de Portugal, Pologne ou m\u00eame du&nbsp;Chine.&nbsp;<\/p>\n","protected":false},"featured_media":1029,"template":"","meta":[],"product_brand":[],"product_cat":[85],"product_tag":[792,800],"class_list":{"0":"post-2008","1":"product","2":"type-product","3":"status-publish","4":"has-post-thumbnail","6":"product_cat-murs-naturel-en-bloc-de-roches","7":"product_tag-mrt","8":"product_tag-prn","9":"pa_dimensions-laenge-m-x-hoehe-m-fr","10":"pa_id-158-fr","11":"pa_link-www-jardin2000-ch-fr","12":"pa_similar-155-71-fr","14":"first","15":"instock","16":"virtual","17":"purchasable","18":"product-type-simple"},"_links":{"self":[{"href":"https:\/\/kaderli.ch\/fr\/wp-json\/wp\/v2\/product\/2008","targetHints":{"allow":["GET"]}}],"collection":[{"href":"https:\/\/kaderli.ch\/fr\/wp-json\/wp\/v2\/product"}],"about":[{"href":"https:\/\/kaderli.ch\/fr\/wp-json\/wp\/v2\/types\/product"}],"wp:featuredmedia":[{"embeddable":true,"href":"https:\/\/kaderli.ch\/fr\/wp-json\/wp\/v2\/media\/1029"}],"wp:attachment":[{"href":"https:\/\/kaderli.ch\/fr\/wp-json\/wp\/v2\/media?parent=2008"}],"wp:term":[{"taxonomy":"product_brand","embeddable":true,"href":"https:\/\/kaderli.ch\/fr\/wp-json\/wp\/v2\/product_brand?post=2008"},{"taxonomy":"product_cat","embeddable":true,"href":"https:\/\/kaderli.ch\/fr\/wp-json\/wp\/v2\/product_cat?post=2008"},{"taxonomy":"product_tag","embeddable":true,"href":"https:\/\/kaderli.ch\/fr\/wp-json\/wp\/v2\/product_tag?post=2008"}],"curies":[{"name":"wp","href":"https:\/\/api.w.org\/{rel}","templated":true}]}}