{"id":2009,"date":"2017-02-13T12:25:38","date_gmt":"2017-02-13T13:06:14","guid":{"rendered":"http:\/\/kaderli.dev\/product\/jura-pierre-calcaire-rasa-pietra\/"},"modified":"2020-10-29T17:16:00","modified_gmt":"2020-10-29T17:16:00","slug":"jura-pierre-calcaire-rasa-pietra","status":"publish","type":"product","link":"https:\/\/kaderli.ch\/fr\/product\/jura-pierre-calcaire-rasa-pietra\/","title":{"rendered":"pt. Pierre caclaire jura RASA PIETRA"},"content":{"rendered":"<p>La pierre calcaire peut \u00e9tre employ\u00e9 pour des murets sec, beton\u00e9e d\u00e9rri\u00e8re ou m\u00eame joint\u00e9e avec du m\u00f4rtier.<\/p>\n","protected":false},"excerpt":{"rendered":"<p>La pierre calcaire peut \u00e9tre employ\u00e9 pour des murets sec, beton\u00e9e d\u00e9rri\u00e8re ou m\u00eame joint\u00e9e avec du m\u00f4rtier.<\/p>\n","protected":false},"featured_media":1013,"template":"","meta":[],"product_brand":[],"product_cat":[36],"product_tag":[792,800],"class_list":{"0":"post-2009","1":"product","2":"type-product","3":"status-publish","4":"has-post-thumbnail","6":"product_cat-pierre-naturel-petit-pierres","7":"product_tag-mrt","8":"product_tag-prn","9":"pa_dimensions-hoehe-m-x-laenge-m-fr","10":"pa_discounts-700_10-fr","11":"pa_id-153-fr","12":"pa_link-www-jardin2000-ch-fr","14":"first","15":"instock","16":"downloadable","17":"purchasable","18":"product-type-simple"},"_links":{"self":[{"href":"https:\/\/kaderli.ch\/fr\/wp-json\/wp\/v2\/product\/2009","targetHints":{"allow":["GET"]}}],"collection":[{"href":"https:\/\/kaderli.ch\/fr\/wp-json\/wp\/v2\/product"}],"about":[{"href":"https:\/\/kaderli.ch\/fr\/wp-json\/wp\/v2\/types\/product"}],"wp:featuredmedia":[{"embeddable":true,"href":"https:\/\/kaderli.ch\/fr\/wp-json\/wp\/v2\/media\/1013"}],"wp:attachment":[{"href":"https:\/\/kaderli.ch\/fr\/wp-json\/wp\/v2\/media?parent=2009"}],"wp:term":[{"taxonomy":"product_brand","embeddable":true,"href":"https:\/\/kaderli.ch\/fr\/wp-json\/wp\/v2\/product_brand?post=2009"},{"taxonomy":"product_cat","embeddable":true,"href":"https:\/\/kaderli.ch\/fr\/wp-json\/wp\/v2\/product_cat?post=2009"},{"taxonomy":"product_tag","embeddable":true,"href":"https:\/\/kaderli.ch\/fr\/wp-json\/wp\/v2\/product_tag?post=2009"}],"curies":[{"name":"wp","href":"https:\/\/api.w.org\/{rel}","templated":true}]}}