{"id":2013,"date":"2017-02-13T12:25:38","date_gmt":"2017-02-13T13:06:14","guid":{"rendered":"http:\/\/kaderli.dev\/product\/asphalte-monocouche-entouree\/"},"modified":"2017-08-10T16:04:48","modified_gmt":"2017-08-10T16:04:48","slug":"asphalte-monocouche-entouree","status":"publish","type":"product","link":"https:\/\/kaderli.ch\/fr\/product\/asphalte-monocouche-entouree\/","title":{"rendered":"Asphalte monocouche avec fixation des bords"},"content":{"rendered":"<p>Entourage avec de pav\u00e9e classic 20\/20\/6cm pos\u00e9e sur b\u00e9ton. La cr\u00e9ation est aussi possible avec des pav\u00e9e naturel.prix sans entourage.<\/p>\n","protected":false},"excerpt":{"rendered":"<p>Dans le jardin souvent on utilise une monocouche d&#039;une \u00e9p de 6-8cm de asphalte. Sur les routes une couche de sout\u00e9nement et und couche d&#039;utilisation.<br \/>\nL&#039;entourage se fait avec une bordure en b\u00e9ton, pav\u00e9 en b\u00e9ton ou pierre naturel ou bordure en m\u00e9tal ou autres.<br \/>\nNotre prix indicative se compte sans entourage. Normalement il faut compter en plus une globale d&#039;installation de 1000.&#8211;\/intervention.<\/p>\n","protected":false},"featured_media":1043,"template":"","meta":[],"product_brand":[],"product_cat":[46],"product_tag":[798],"class_list":{"0":"post-2013","1":"product","2":"type-product","3":"status-publish","4":"has-post-thumbnail","6":"product_cat-asphalte","7":"product_tag-sfd","8":"pa_dimensions-laenge-m-x-breite-m-fr","9":"pa_discounts-38_50-34_100-fr","10":"pa_id-162-fr","11":"pa_similar-172-fr","13":"first","14":"instock","15":"virtual","16":"purchasable","17":"product-type-simple"},"_links":{"self":[{"href":"https:\/\/kaderli.ch\/fr\/wp-json\/wp\/v2\/product\/2013","targetHints":{"allow":["GET"]}}],"collection":[{"href":"https:\/\/kaderli.ch\/fr\/wp-json\/wp\/v2\/product"}],"about":[{"href":"https:\/\/kaderli.ch\/fr\/wp-json\/wp\/v2\/types\/product"}],"wp:featuredmedia":[{"embeddable":true,"href":"https:\/\/kaderli.ch\/fr\/wp-json\/wp\/v2\/media\/1043"}],"wp:attachment":[{"href":"https:\/\/kaderli.ch\/fr\/wp-json\/wp\/v2\/media?parent=2013"}],"wp:term":[{"taxonomy":"product_brand","embeddable":true,"href":"https:\/\/kaderli.ch\/fr\/wp-json\/wp\/v2\/product_brand?post=2013"},{"taxonomy":"product_cat","embeddable":true,"href":"https:\/\/kaderli.ch\/fr\/wp-json\/wp\/v2\/product_cat?post=2013"},{"taxonomy":"product_tag","embeddable":true,"href":"https:\/\/kaderli.ch\/fr\/wp-json\/wp\/v2\/product_tag?post=2013"}],"curies":[{"name":"wp","href":"https:\/\/api.w.org\/{rel}","templated":true}]}}