{"id":2015,"date":"2017-02-13T12:25:38","date_gmt":"2017-02-13T13:06:14","guid":{"rendered":"http:\/\/kaderli.dev\/product\/teruno-element-de-talus\/"},"modified":"2017-08-09T16:55:28","modified_gmt":"2017-08-09T16:55:28","slug":"teruno-element-de-talus","status":"publish","type":"product","link":"https:\/\/kaderli.ch\/fr\/product\/teruno-element-de-talus\/","title":{"rendered":"Teruno element de talue"},"content":{"rendered":"<p>Les \u00e9lements pour talue TERUNO sont des el\u00e9ments carr\u00e9 est ce conviennent plust\u00f4t pour des murets droits et g\u00e9ometrique. Ils sont disponible en couleurs brun et gris.<br \/>pc.\/m2:               5.25<br \/>Dimensions d&rsquo;\u00e9lement: 50.4 x 39.6 x 22.5cm<\/p>\n","protected":false},"excerpt":{"rendered":"<p>Les \u00e9lements pour talue TERUNO sont des el\u00e9ments carr\u00e9 est ce conviennent plust\u00f4t pour des murets droits et g\u00e9ometrique. Ils sont disponible en couleurs brun et gris.<br \/>pc.\/m2:               5.25<br \/>Dimensions d&#039;\u00e9lement: 50.4 x 39.6 x 22.5cm<\/p>\n","protected":false},"featured_media":1028,"template":"","meta":[],"product_brand":[],"product_cat":[86],"product_tag":[792],"class_list":{"0":"post-2015","1":"product","2":"type-product","3":"status-publish","4":"has-post-thumbnail","6":"product_cat-elements-du-talue","7":"product_tag-mrt","8":"pa_dimensions-hoehe-m-x-laenge-m-fr","9":"pa_discounts-215_10-fr","10":"pa_id-157-fr","11":"pa_link-www-cbm-liste-ch-fr","13":"first","14":"instock","15":"virtual","16":"purchasable","17":"product-type-simple"},"_links":{"self":[{"href":"https:\/\/kaderli.ch\/fr\/wp-json\/wp\/v2\/product\/2015","targetHints":{"allow":["GET"]}}],"collection":[{"href":"https:\/\/kaderli.ch\/fr\/wp-json\/wp\/v2\/product"}],"about":[{"href":"https:\/\/kaderli.ch\/fr\/wp-json\/wp\/v2\/types\/product"}],"wp:featuredmedia":[{"embeddable":true,"href":"https:\/\/kaderli.ch\/fr\/wp-json\/wp\/v2\/media\/1028"}],"wp:attachment":[{"href":"https:\/\/kaderli.ch\/fr\/wp-json\/wp\/v2\/media?parent=2015"}],"wp:term":[{"taxonomy":"product_brand","embeddable":true,"href":"https:\/\/kaderli.ch\/fr\/wp-json\/wp\/v2\/product_brand?post=2015"},{"taxonomy":"product_cat","embeddable":true,"href":"https:\/\/kaderli.ch\/fr\/wp-json\/wp\/v2\/product_cat?post=2015"},{"taxonomy":"product_tag","embeddable":true,"href":"https:\/\/kaderli.ch\/fr\/wp-json\/wp\/v2\/product_tag?post=2015"}],"curies":[{"name":"wp","href":"https:\/\/api.w.org\/{rel}","templated":true}]}}