{"id":2016,"date":"2017-02-13T12:25:38","date_gmt":"2017-02-13T13:06:14","guid":{"rendered":"http:\/\/kaderli.dev\/product\/murabloc-et-muralto-beige\/"},"modified":"2017-08-09T16:39:59","modified_gmt":"2017-08-09T16:39:59","slug":"murabloc-et-muralto-beige","status":"publish","type":"product","link":"https:\/\/kaderli.ch\/fr\/product\/murabloc-et-muralto-beige\/","title":{"rendered":"Murabloc et Muralto beige"},"content":{"rendered":"<p>Les pierres Murabloc comme aussi les Muralto peuvent \u00eatre mont\u00e9e avec joint et m\u00f4rtier ou sans m\u00f4rtier. Ils sont une sorte de Brique creuses, et le centre on remplie avec le b\u00e9ton et une l\u00e9g\u00e9re armantion. Il y a des \u00e9lements sp\u00e9ciale pour des piliers et socles.<\/p>\n","protected":false},"excerpt":{"rendered":"<p>Les pierres Murabloc comme aussi les Muralto peuvent \u00eatre mont\u00e9e avec joint et m\u00f4rtier ou sans m\u00f4rtier. Ils sont une sorte de Brique creuses, et le centre on remplie avec le b\u00e9ton et une l\u00e9g\u00e9re armantion. Il y a des \u00e9lements sp\u00e9ciale pour des piliers et socles.<\/p>\n","protected":false},"featured_media":1038,"template":"","meta":[],"product_brand":[],"product_cat":[31],"product_tag":[792],"class_list":{"0":"post-2016","1":"product","2":"type-product","3":"status-publish","4":"has-post-thumbnail","6":"product_cat-elements-et-briques-en-beton","7":"product_tag-mrt","8":"pa_dimensions-hoehe-m-x-laenge-m-fr","9":"pa_id-160-fr","10":"pa_link-www-cornaz-ch-fr","12":"first","13":"instock","14":"virtual","15":"purchasable","16":"product-type-simple"},"_links":{"self":[{"href":"https:\/\/kaderli.ch\/fr\/wp-json\/wp\/v2\/product\/2016","targetHints":{"allow":["GET"]}}],"collection":[{"href":"https:\/\/kaderli.ch\/fr\/wp-json\/wp\/v2\/product"}],"about":[{"href":"https:\/\/kaderli.ch\/fr\/wp-json\/wp\/v2\/types\/product"}],"wp:featuredmedia":[{"embeddable":true,"href":"https:\/\/kaderli.ch\/fr\/wp-json\/wp\/v2\/media\/1038"}],"wp:attachment":[{"href":"https:\/\/kaderli.ch\/fr\/wp-json\/wp\/v2\/media?parent=2016"}],"wp:term":[{"taxonomy":"product_brand","embeddable":true,"href":"https:\/\/kaderli.ch\/fr\/wp-json\/wp\/v2\/product_brand?post=2016"},{"taxonomy":"product_cat","embeddable":true,"href":"https:\/\/kaderli.ch\/fr\/wp-json\/wp\/v2\/product_cat?post=2016"},{"taxonomy":"product_tag","embeddable":true,"href":"https:\/\/kaderli.ch\/fr\/wp-json\/wp\/v2\/product_tag?post=2016"}],"curies":[{"name":"wp","href":"https:\/\/api.w.org\/{rel}","templated":true}]}}