{"id":2018,"date":"2017-02-13T12:25:38","date_gmt":"2017-02-13T13:06:14","guid":{"rendered":"http:\/\/kaderli.dev\/product\/surfaces-carossable-avec-pave-naturelle\/"},"modified":"2017-08-10T13:08:18","modified_gmt":"2017-08-10T13:08:18","slug":"surfaces-carossable-avec-pave-naturelle","status":"publish","type":"product","link":"https:\/\/kaderli.ch\/fr\/product\/surfaces-carossable-avec-pave-naturelle\/","title":{"rendered":"surfaces-carossable-avec-pave-naturelle"},"content":{"rendered":"<p>La surface des surfaces carossable sont \u00e9xecut\u00e9e comme les chemins et terasses pour pi\u00e9tons. La stabilit\u00e9e depande de l&rsquo;\u00e9paisseur et de la stabilit\u00e9e du sous-sol (coffre). On fait la difference entre pavage en ligne et pavage en c\u00e9rcle.<\/p>\n","protected":false},"excerpt":{"rendered":"<p>La surface des surfaces carossable sont \u00e9xecut\u00e9e comme les chemins et terasses pour pi\u00e9tons. La stabilit\u00e9e depande de l&#039;\u00e9paisseur et de la stabilit\u00e9e du sous-sol (coffre). On fait la difference entre pavage en ligne et pavage en c\u00e9rcle.<\/p>\n","protected":false},"featured_media":1056,"template":"","meta":[],"product_brand":[],"product_cat":[84],"product_tag":[800,798],"class_list":{"0":"post-2018","1":"product","2":"type-product","3":"status-publish","4":"has-post-thumbnail","6":"product_cat-pavee-en-pierre-naturel","7":"product_tag-prn","8":"product_tag-sfd","9":"pa_dimensions-laenge-m-x-breite-m-fr","10":"pa_discounts-155_100-fr","11":"pa_id-166-fr","13":"first","14":"instock","15":"virtual","16":"purchasable","17":"product-type-simple"},"_links":{"self":[{"href":"https:\/\/kaderli.ch\/fr\/wp-json\/wp\/v2\/product\/2018","targetHints":{"allow":["GET"]}}],"collection":[{"href":"https:\/\/kaderli.ch\/fr\/wp-json\/wp\/v2\/product"}],"about":[{"href":"https:\/\/kaderli.ch\/fr\/wp-json\/wp\/v2\/types\/product"}],"wp:featuredmedia":[{"embeddable":true,"href":"https:\/\/kaderli.ch\/fr\/wp-json\/wp\/v2\/media\/1056"}],"wp:attachment":[{"href":"https:\/\/kaderli.ch\/fr\/wp-json\/wp\/v2\/media?parent=2018"}],"wp:term":[{"taxonomy":"product_brand","embeddable":true,"href":"https:\/\/kaderli.ch\/fr\/wp-json\/wp\/v2\/product_brand?post=2018"},{"taxonomy":"product_cat","embeddable":true,"href":"https:\/\/kaderli.ch\/fr\/wp-json\/wp\/v2\/product_cat?post=2018"},{"taxonomy":"product_tag","embeddable":true,"href":"https:\/\/kaderli.ch\/fr\/wp-json\/wp\/v2\/product_tag?post=2018"}],"curies":[{"name":"wp","href":"https:\/\/api.w.org\/{rel}","templated":true}]}}