{"id":2020,"date":"2017-02-13T12:25:38","date_gmt":"2017-02-13T13:06:14","guid":{"rendered":"http:\/\/kaderli.dev\/product\/riano-trio\/"},"modified":"2017-08-10T14:01:05","modified_gmt":"2017-08-10T14:01:05","slug":"riano-trio","status":"publish","type":"product","link":"https:\/\/kaderli.ch\/fr\/product\/riano-trio\/","title":{"rendered":"Riano Trio"},"content":{"rendered":"<p>Le Pav\u00e9 Riano Trio a un bord ondul\u00e9e. Il se pr\u00e9sente plust\u00f4t rustique est il et quand le m\u00eame tr\u00e9s \u00e9legant, surtout les surfaces lav\u00e9 et grenaill\u00e9e.<br \/><b>\u00c8paisseur:<\/b><br \/>8cm<br \/><b>Surface:<\/b><br \/>Standard, lav\u00e9, grenaill\u00e9<br \/><b>Coulerus:<\/b><br \/>gris, basalt-claire, basalt, amarillo, fuego.nuance, marron-nuance, gris-basalt, rosso<br \/><b>Dimensions:<\/b><br \/>21,6cm x 14,4cm; 18cm x 14,4cm; 14cm x 14,4cm<\/p>\n","protected":false},"excerpt":{"rendered":"<p>Le Pav\u00e9 Riano Trio a un bord ondul\u00e9e. Il se pr\u00e9sente plust\u00f4t rustique est il et quand le m\u00eame tr\u00e9s \u00e9legant, surtout les surfaces lav\u00e9 et grenaill\u00e9e.<br \/><b>\u00c8paisseur:<\/b><br \/>8cm<br \/><b>Surface:<\/b><br \/>Standard, lav\u00e9, grenaill\u00e9<br \/><b>Coulerus:<\/b><br \/>gris, basalt-claire, basalt, amarillo, fuego.nuance, marron-nuance, gris-basalt, rosso<br \/><b>Dimensions:<\/b><br \/>21,6cm x 14,4cm; 18cm x 14,4cm; 14cm x 14,4cm<\/p>\n","protected":false},"featured_media":1068,"template":"","meta":[],"product_brand":[],"product_cat":[38],"product_tag":[798],"class_list":{"0":"post-2020","1":"product","2":"type-product","3":"status-publish","4":"has-post-thumbnail","6":"product_cat-paves-et-paves-a-emboitement","7":"product_tag-sfd","8":"pa_dimensions-laenge-m-x-breite-m-fr","9":"pa_discounts-72_100-75_50-fr","10":"pa_id-168-fr","11":"pa_link-www-jardin2000-ch-fr","13":"first","14":"instock","15":"virtual","16":"purchasable","17":"product-type-simple"},"_links":{"self":[{"href":"https:\/\/kaderli.ch\/fr\/wp-json\/wp\/v2\/product\/2020","targetHints":{"allow":["GET"]}}],"collection":[{"href":"https:\/\/kaderli.ch\/fr\/wp-json\/wp\/v2\/product"}],"about":[{"href":"https:\/\/kaderli.ch\/fr\/wp-json\/wp\/v2\/types\/product"}],"wp:featuredmedia":[{"embeddable":true,"href":"https:\/\/kaderli.ch\/fr\/wp-json\/wp\/v2\/media\/1068"}],"wp:attachment":[{"href":"https:\/\/kaderli.ch\/fr\/wp-json\/wp\/v2\/media?parent=2020"}],"wp:term":[{"taxonomy":"product_brand","embeddable":true,"href":"https:\/\/kaderli.ch\/fr\/wp-json\/wp\/v2\/product_brand?post=2020"},{"taxonomy":"product_cat","embeddable":true,"href":"https:\/\/kaderli.ch\/fr\/wp-json\/wp\/v2\/product_cat?post=2020"},{"taxonomy":"product_tag","embeddable":true,"href":"https:\/\/kaderli.ch\/fr\/wp-json\/wp\/v2\/product_tag?post=2020"}],"curies":[{"name":"wp","href":"https:\/\/api.w.org\/{rel}","templated":true}]}}