{"id":2021,"date":"2017-02-13T12:25:38","date_gmt":"2017-02-13T13:06:14","guid":{"rendered":"http:\/\/kaderli.dev\/product\/dalles-standard\/"},"modified":"2017-08-10T14:05:08","modified_gmt":"2017-08-10T14:05:08","slug":"dalles-standard","status":"publish","type":"product","link":"https:\/\/kaderli.ch\/fr\/product\/dalles-standard\/","title":{"rendered":"Dalles ciment gris standard"},"content":{"rendered":"<p>Les dalles le meileurs marche sont les dalles ciment gris standard. On les utlilise souvent comme premi\u00e9re surface dure dans les jardins pour les changer dans quelques an\u00e9es, quand les plus grosses tassement sont pass\u00e9e, et ils viennent remplacer contre des dalles plus noble. Aussi bien connu sont les dalles beton lav\u00e9 gris et jura. Ces dalles sont presque tous encore dans les assortiments des fournisseurs.<br \/><b>\u00c9paisseur:<\/b> 4 &#8211; 4.5cm<br \/><b>Surface:<\/b> selon dalle liss\u00e9; daloch\u00e9e; sabl\u00e9e; lav\u00e9.<br \/><b>Dimensions:<\/b>25\/50cm; 50\/50cm; 75\/50cm; partielle 40\/60cm.<\/p>\n","protected":false},"excerpt":{"rendered":"<p>Les dalles le meileurs marche sont les dalles ciment gris standard. On les utlilise souvent comme premi\u00e9re surface dure dans les jardins pour les changer dans quelques an\u00e9es, quand les plus grosses tassement sont pass\u00e9e, et ils viennent remplacer contre des dalles plus noble. Aussi bien connu sont les dalles beton lav\u00e9 gris et jura. Ces dalles sont presque tous encore dans les assortiments des fournisseurs.<br \/><b>\u00c9paisseur:<\/b> 4 &#8211; 4.5cm<br \/><b>Surface:<\/b> selon dalle liss\u00e9; daloch\u00e9e; sabl\u00e9e; lav\u00e9.<br \/><b>Dimensions:<\/b>25\/50cm; 50\/50cm; 75\/50cm; partielle 40\/60cm.<\/p>\n","protected":false},"featured_media":1071,"template":"","meta":[],"product_brand":[],"product_cat":[53],"product_tag":[798],"class_list":{"0":"post-2021","1":"product","2":"type-product","3":"status-publish","4":"has-post-thumbnail","6":"product_cat-dalles-en-beton","7":"product_tag-sfd","8":"pa_dimensions-quadratmeter-fr","9":"pa_discounts-52_20-50_35-48_50-fr","10":"pa_id-169-fr","11":"pa_link-creabetoncewaghelfer-etc-fr","13":"first","14":"instock","15":"virtual","16":"purchasable","17":"product-type-simple"},"_links":{"self":[{"href":"https:\/\/kaderli.ch\/fr\/wp-json\/wp\/v2\/product\/2021","targetHints":{"allow":["GET"]}}],"collection":[{"href":"https:\/\/kaderli.ch\/fr\/wp-json\/wp\/v2\/product"}],"about":[{"href":"https:\/\/kaderli.ch\/fr\/wp-json\/wp\/v2\/types\/product"}],"wp:featuredmedia":[{"embeddable":true,"href":"https:\/\/kaderli.ch\/fr\/wp-json\/wp\/v2\/media\/1071"}],"wp:attachment":[{"href":"https:\/\/kaderli.ch\/fr\/wp-json\/wp\/v2\/media?parent=2021"}],"wp:term":[{"taxonomy":"product_brand","embeddable":true,"href":"https:\/\/kaderli.ch\/fr\/wp-json\/wp\/v2\/product_brand?post=2021"},{"taxonomy":"product_cat","embeddable":true,"href":"https:\/\/kaderli.ch\/fr\/wp-json\/wp\/v2\/product_cat?post=2021"},{"taxonomy":"product_tag","embeddable":true,"href":"https:\/\/kaderli.ch\/fr\/wp-json\/wp\/v2\/product_tag?post=2021"}],"curies":[{"name":"wp","href":"https:\/\/api.w.org\/{rel}","templated":true}]}}