{"id":2025,"date":"2017-02-13T12:25:52","date_gmt":"2017-02-13T13:06:26","guid":{"rendered":"http:\/\/kaderli.dev\/product\/asphalte-drainante\/"},"modified":"2017-08-08T14:00:23","modified_gmt":"2017-08-08T14:00:23","slug":"asphalte-drainante","status":"publish","type":"product","link":"https:\/\/kaderli.ch\/fr\/product\/asphalte-drainante\/","title":{"rendered":"Asphalte drainante"},"content":{"rendered":"<p>L&rsquo;asphalt drainante est tr\u00e9s raisonable parce&rsquo;que il laisse traverser l&rsquo;eaux. C&rsquo;est importante dans ces temps ou on ferme toujours plus des surfaces en dur que les canalisations sont surcharg\u00e9e et le niveaux de l&rsquo;eau du font baisse toujours plus bas. L&rsquo;asphalte drainante se propose surtout pour les sufaces droites ou surfacese pi\u00e9tons. Sur les places de parc ou entr\u00e9e du garage, des simples pierres peuves se d\u00e9coller si les roues sont tourn\u00e9e sur la m\u00eame place (direction assist\u00e9e) ou avec les forces au bords, et ils se produit des trous dans la surface.<br \/>\nPour un bon fonctionnement c&rsquo;est important que le sol laisse aussi passer l&rsquo;eux dans le sousol.<\/p>\n","protected":false},"excerpt":{"rendered":"<p>L&rsquo;asphalt drainante est tr\u00e9s raisonable parce&rsquo;que il laisse traverser l&rsquo;eaux. C&rsquo;est importante dans ces temps ou on ferme toujours plus des surfaces en dur que les canalisations sont surcharg\u00e9e et le niveaux de l&rsquo;eau du font baisse toujours plus bas. L&rsquo;asphalte drainante se propose surtout pour les sufaces droites ou surfacese pi\u00e9tons. Sur les places de parc ou entr\u00e9e du garage, des simples pierres peuves se d\u00e9coller si les roues sont tourn\u00e9e sur la m\u00eame place (direction assist\u00e9e) ou avec les forces au bords, et ils se produit des trous dans la surface.<br \/>\nPour un bon fonctionnement c&rsquo;est important que le sol laisse aussi passer l&rsquo;eux dans le sousol.<\/p>\n","protected":false},"featured_media":1084,"template":"","meta":[],"product_brand":[],"product_cat":[46],"product_tag":[798],"class_list":{"0":"post-2025","1":"product","2":"type-product","3":"status-publish","4":"has-post-thumbnail","6":"product_cat-asphalte","7":"product_tag-sfd","8":"pa_dimensions-quadratmeter-fr","9":"pa_discounts-43_50-39_100-fr","10":"pa_id-172-fr","11":"pa_similar-162-fr","13":"first","14":"instock","15":"virtual","16":"purchasable","17":"product-type-simple"},"_links":{"self":[{"href":"https:\/\/kaderli.ch\/fr\/wp-json\/wp\/v2\/product\/2025","targetHints":{"allow":["GET"]}}],"collection":[{"href":"https:\/\/kaderli.ch\/fr\/wp-json\/wp\/v2\/product"}],"about":[{"href":"https:\/\/kaderli.ch\/fr\/wp-json\/wp\/v2\/types\/product"}],"wp:featuredmedia":[{"embeddable":true,"href":"https:\/\/kaderli.ch\/fr\/wp-json\/wp\/v2\/media\/1084"}],"wp:attachment":[{"href":"https:\/\/kaderli.ch\/fr\/wp-json\/wp\/v2\/media?parent=2025"}],"wp:term":[{"taxonomy":"product_brand","embeddable":true,"href":"https:\/\/kaderli.ch\/fr\/wp-json\/wp\/v2\/product_brand?post=2025"},{"taxonomy":"product_cat","embeddable":true,"href":"https:\/\/kaderli.ch\/fr\/wp-json\/wp\/v2\/product_cat?post=2025"},{"taxonomy":"product_tag","embeddable":true,"href":"https:\/\/kaderli.ch\/fr\/wp-json\/wp\/v2\/product_tag?post=2025"}],"curies":[{"name":"wp","href":"https:\/\/api.w.org\/{rel}","templated":true}]}}