{"id":2026,"date":"2017-02-13T12:25:52","date_gmt":"2017-02-13T13:06:26","guid":{"rendered":"http:\/\/kaderli.dev\/product\/tatueren-jardin-de-pierre\/"},"modified":"2017-08-08T14:20:40","modified_gmt":"2017-08-08T14:20:40","slug":"tatueren-jardin-de-pierre","status":"publish","type":"product","link":"https:\/\/kaderli.ch\/fr\/product\/tatueren-jardin-de-pierre\/","title":{"rendered":"Jardin en pierre de Plasselb"},"content":{"rendered":"<p>Das le jardin de pierre les talus peuvet \u00eatre stabilis\u00e9e avec des petits murets en pierre de rocaille. Ces \u00eelots de plantation sont tr\u00e9s d\u00e9corativs. Avec la couverture en gravier vous pouver reducter les mauvaises herbes.<\/p>\n","protected":false},"excerpt":{"rendered":"<p>Les pierres de Plasselb&nbsp;se laisses combiner tr\u00e8s bien avec les murets en pierre de Plasselb.&nbsp;<\/p>\n","protected":false},"featured_media":1102,"template":"","meta":[],"product_brand":[],"product_cat":[43],"product_tag":[808],"class_list":{"0":"post-2026","1":"product","2":"type-product","3":"status-publish","4":"has-post-thumbnail","6":"product_cat-jardin-de-pierres","7":"product_tag-ftajdp","8":"pa_id-174-fr","10":"first","11":"instock","12":"virtual","13":"product-type-simple"},"_links":{"self":[{"href":"https:\/\/kaderli.ch\/fr\/wp-json\/wp\/v2\/product\/2026","targetHints":{"allow":["GET"]}}],"collection":[{"href":"https:\/\/kaderli.ch\/fr\/wp-json\/wp\/v2\/product"}],"about":[{"href":"https:\/\/kaderli.ch\/fr\/wp-json\/wp\/v2\/types\/product"}],"wp:featuredmedia":[{"embeddable":true,"href":"https:\/\/kaderli.ch\/fr\/wp-json\/wp\/v2\/media\/1102"}],"wp:attachment":[{"href":"https:\/\/kaderli.ch\/fr\/wp-json\/wp\/v2\/media?parent=2026"}],"wp:term":[{"taxonomy":"product_brand","embeddable":true,"href":"https:\/\/kaderli.ch\/fr\/wp-json\/wp\/v2\/product_brand?post=2026"},{"taxonomy":"product_cat","embeddable":true,"href":"https:\/\/kaderli.ch\/fr\/wp-json\/wp\/v2\/product_cat?post=2026"},{"taxonomy":"product_tag","embeddable":true,"href":"https:\/\/kaderli.ch\/fr\/wp-json\/wp\/v2\/product_tag?post=2026"}],"curies":[{"name":"wp","href":"https:\/\/api.w.org\/{rel}","templated":true}]}}