{"id":2027,"date":"2017-02-13T12:25:52","date_gmt":"2017-02-13T13:06:26","guid":{"rendered":"http:\/\/kaderli.dev\/product\/pierre-ou-dalle-de-separation-en-beton\/"},"modified":"2017-08-08T14:38:34","modified_gmt":"2017-08-08T14:38:34","slug":"pierre-ou-dalle-de-separation-en-beton","status":"publish","type":"product","link":"https:\/\/kaderli.ch\/fr\/product\/pierre-ou-dalle-de-separation-en-beton\/","title":{"rendered":"Pierre ou dalle de s\u00e9paration en b\u00e9ton"},"content":{"rendered":"<p>La s\u00e9paration des differentes surfaces on peut r\u00e9aliser avec des dalles ou pav\u00e9es standarts en differentes formes et couleurs. Pour r\u00e9aliser des arrondies nous avons les dalles de d\u00e9limitation Cordula:<\/p>\n","protected":false},"excerpt":{"rendered":"<p>La s\u00e9paration des differents surfaces nous pouvons r\u00e9aliser avec des dalles ou pav\u00e9es standarts en differentes formes et couleurs.<\/p>\n<p>Souvent nous utilisons le pav\u00e9 TEGULA puis que on re\u00e7oit une s\u00e9paration rustique et avec un aspect naturel.<\/p>\n<p>La dalle de s\u00e9paration CORDULA est magnifique pour cr\u00e9er des arrondis et cercles.<\/p>\n<p>Le pav\u00e9 CARENA est dans les meilleurs march\u00e9 et une bonne combinaison si le CARENA est utilis\u00e9e d\u00e9j\u00e0 pour le place de parc ou la terrasse.<\/p>\n<p>La dalle PARCO est bien si la s\u00e9paration est aussi utilis\u00e9e comme passe-pied.<\/p>\n","protected":false},"featured_media":1105,"template":"","meta":[],"product_brand":[],"product_cat":[90],"product_tag":[804],"class_list":{"0":"post-2027","1":"product","2":"type-product","3":"status-publish","4":"has-post-thumbnail","6":"product_cat-pierres-dalles-de-separation","7":"product_tag-aed","8":"pa_dimensions-laenge-m-fr","9":"pa_discounts-35_20-fr","10":"pa_id-175-fr","12":"first","13":"instock","14":"virtual","15":"purchasable","16":"product-type-simple"},"_links":{"self":[{"href":"https:\/\/kaderli.ch\/fr\/wp-json\/wp\/v2\/product\/2027","targetHints":{"allow":["GET"]}}],"collection":[{"href":"https:\/\/kaderli.ch\/fr\/wp-json\/wp\/v2\/product"}],"about":[{"href":"https:\/\/kaderli.ch\/fr\/wp-json\/wp\/v2\/types\/product"}],"wp:featuredmedia":[{"embeddable":true,"href":"https:\/\/kaderli.ch\/fr\/wp-json\/wp\/v2\/media\/1105"}],"wp:attachment":[{"href":"https:\/\/kaderli.ch\/fr\/wp-json\/wp\/v2\/media?parent=2027"}],"wp:term":[{"taxonomy":"product_brand","embeddable":true,"href":"https:\/\/kaderli.ch\/fr\/wp-json\/wp\/v2\/product_brand?post=2027"},{"taxonomy":"product_cat","embeddable":true,"href":"https:\/\/kaderli.ch\/fr\/wp-json\/wp\/v2\/product_cat?post=2027"},{"taxonomy":"product_tag","embeddable":true,"href":"https:\/\/kaderli.ch\/fr\/wp-json\/wp\/v2\/product_tag?post=2027"}],"curies":[{"name":"wp","href":"https:\/\/api.w.org\/{rel}","templated":true}]}}