{"id":2028,"date":"2017-02-13T12:25:52","date_gmt":"2017-02-13T13:06:26","guid":{"rendered":"http:\/\/kaderli.dev\/product\/separation-en-pierre-naturel\/"},"modified":"2017-08-08T15:28:13","modified_gmt":"2017-08-08T15:28:13","slug":"separation-en-pierre-naturel","status":"publish","type":"product","link":"https:\/\/kaderli.ch\/fr\/product\/separation-en-pierre-naturel\/","title":{"rendered":"S\u00e9paration en pierre naturels"},"content":{"rendered":"<p>La s\u00e9paration des differents surfaces peut \u00eatre r\u00e9alis\u00e9e soit avec des dalles en pierre naturel comme aussi avec les pav\u00e9es naturels.<\/p>\n","protected":false},"excerpt":{"rendered":"<p>Pour la s\u00e9paration avec des pierres naturelles, toutes les plaques de pierre naturelle telles que granit, pierre de Plasselb, porphyre&nbsp;etc&nbsp;peuvent \u00eatre utilis\u00e9e. De pr\u00e9f\u00e9rence des plaques sauvages&nbsp;sortes plus naturels. Selon la taille des plaques, la finition de la s\u00e9paration&nbsp;devient plus \u00e9troite ou plus large.<br \/>\nPour la s\u00e9paration avec les pav\u00e9s en pierre naturelle, une ou plusieurs rang\u00e9es de pav\u00e9s sont plac\u00e9es dans un sous-sol en b\u00e9ton maigre&nbsp;et ferm\u00e9e avec en&nbsp;mortier de joints. Pour ce s\u00e9paration, tous les pav\u00e9s en pierre naturelle peuvent \u00eatre utilis\u00e9s, par exempble le granit, le pav\u00e9 de&nbsp;Plasselb, le porphyre, le marbre, le granit jaune et beaucoup d&rsquo;autres.<\/p>\n","protected":false},"featured_media":1113,"template":"","meta":[],"product_brand":[],"product_cat":[90],"product_tag":[804],"class_list":{"0":"post-2028","1":"product","2":"type-product","3":"status-publish","4":"has-post-thumbnail","6":"product_cat-pierres-dalles-de-separation","7":"product_tag-aed","8":"pa_id-176-fr","9":"pa_similar-47-45-fr","11":"first","12":"instock","13":"virtual","14":"purchasable","15":"product-type-simple"},"_links":{"self":[{"href":"https:\/\/kaderli.ch\/fr\/wp-json\/wp\/v2\/product\/2028","targetHints":{"allow":["GET"]}}],"collection":[{"href":"https:\/\/kaderli.ch\/fr\/wp-json\/wp\/v2\/product"}],"about":[{"href":"https:\/\/kaderli.ch\/fr\/wp-json\/wp\/v2\/types\/product"}],"wp:featuredmedia":[{"embeddable":true,"href":"https:\/\/kaderli.ch\/fr\/wp-json\/wp\/v2\/media\/1113"}],"wp:attachment":[{"href":"https:\/\/kaderli.ch\/fr\/wp-json\/wp\/v2\/media?parent=2028"}],"wp:term":[{"taxonomy":"product_brand","embeddable":true,"href":"https:\/\/kaderli.ch\/fr\/wp-json\/wp\/v2\/product_brand?post=2028"},{"taxonomy":"product_cat","embeddable":true,"href":"https:\/\/kaderli.ch\/fr\/wp-json\/wp\/v2\/product_cat?post=2028"},{"taxonomy":"product_tag","embeddable":true,"href":"https:\/\/kaderli.ch\/fr\/wp-json\/wp\/v2\/product_tag?post=2028"}],"curies":[{"name":"wp","href":"https:\/\/api.w.org\/{rel}","templated":true}]}}