{"id":2029,"date":"2017-02-13T12:25:52","date_gmt":"2017-02-13T13:06:26","guid":{"rendered":"http:\/\/kaderli.dev\/product\/traverses-en-chaine\/"},"modified":"2017-08-08T16:49:45","modified_gmt":"2017-08-08T16:49:45","slug":"traverses-en-chaine","status":"publish","type":"product","link":"https:\/\/kaderli.ch\/fr\/product\/traverses-en-chaine\/","title":{"rendered":"Poutres en cha\u00eenes"},"content":{"rendered":"<p>La traverse en chaine se pr\u00e9sent tr\u00e9s bien comme remplacement pour les enciennes traverses en chemin fer. Cette poutre en bois ce laisse bien combiner avec les diverses produits en paysagisme comme avec les p\u00e9rgolas, cabannes de jardin, dalles en bois ec. La dur\u00e9e de la vie de ces traverses est au moin 10-15 ann\u00e9e et peut \u00eatre bien prolong\u00e9e si elles sont imp\u00e9gni\u00e9e r\u00e9guli\u00e9rement et si une drainage est mont\u00e9e derri\u00e9re le muret.<br \/>\n<b>Hauteur:<\/b><br \/>\n14cm<br \/>\n<b>Largeur:<\/b><br \/>\n22-24cm<\/p>\n<p><b>Longeur de la pourtre:<\/b><br \/>\nca. 200cm; 250cm<\/p>\n","protected":false},"excerpt":{"rendered":"<p>Les poutres en chaine se pr\u00e9sent tr\u00e9s bien comme remplacement pour les enciennes traverses en chemin fer. Cette poutre en bois ce laisse bien combiner avec les diverses produits en paysagisme comme avec les p\u00e9rgolas, cabannes de jardin, dalles en bois ec. La dur\u00e9e de la vie de ces traverses est au moin 10-15 ann\u00e9e et peut \u00eatre bien prolong\u00e9e si elles sont imp\u00e9gni\u00e9e r\u00e9guli\u00e9rement et si une drainage est mont\u00e9e derri\u00e9re le muret.<br \/>\n<b>Hauteur:<\/b><br \/>\n14cm<br \/>\n<b>Largeur:<\/b><br \/>\n22-24cm<br \/>\n<b>Longeur des&nbsp;poutres:<\/b><br \/>\n200cm; 220; 250cm ou sur demande.<\/p>\n","protected":false},"featured_media":1118,"template":"","meta":[],"product_brand":[],"product_cat":[813],"product_tag":[792],"class_list":{"0":"post-2029","1":"product","2":"type-product","3":"status-publish","4":"has-post-thumbnail","6":"product_cat-murets-bois","7":"product_tag-mrt","8":"pa_dimensions-hoehe-m-x-laenge-m-fr","9":"pa_discounts-350_5-330_10-fr","10":"pa_id-177-fr","11":"pa_similar-206-fr","13":"first","14":"instock","15":"virtual","16":"purchasable","17":"product-type-simple"},"_links":{"self":[{"href":"https:\/\/kaderli.ch\/fr\/wp-json\/wp\/v2\/product\/2029","targetHints":{"allow":["GET"]}}],"collection":[{"href":"https:\/\/kaderli.ch\/fr\/wp-json\/wp\/v2\/product"}],"about":[{"href":"https:\/\/kaderli.ch\/fr\/wp-json\/wp\/v2\/types\/product"}],"wp:featuredmedia":[{"embeddable":true,"href":"https:\/\/kaderli.ch\/fr\/wp-json\/wp\/v2\/media\/1118"}],"wp:attachment":[{"href":"https:\/\/kaderli.ch\/fr\/wp-json\/wp\/v2\/media?parent=2029"}],"wp:term":[{"taxonomy":"product_brand","embeddable":true,"href":"https:\/\/kaderli.ch\/fr\/wp-json\/wp\/v2\/product_brand?post=2029"},{"taxonomy":"product_cat","embeddable":true,"href":"https:\/\/kaderli.ch\/fr\/wp-json\/wp\/v2\/product_cat?post=2029"},{"taxonomy":"product_tag","embeddable":true,"href":"https:\/\/kaderli.ch\/fr\/wp-json\/wp\/v2\/product_tag?post=2029"}],"curies":[{"name":"wp","href":"https:\/\/api.w.org\/{rel}","templated":true}]}}