{"id":2033,"date":"2017-02-13T12:25:52","date_gmt":"2017-02-13T13:06:26","guid":{"rendered":"http:\/\/kaderli.dev\/product\/bambous\/"},"modified":"2017-08-09T10:25:48","modified_gmt":"2017-08-09T10:25:48","slug":"bambous","status":"publish","type":"product","link":"https:\/\/kaderli.ch\/fr\/product\/bambous\/","title":{"rendered":"bambous"},"content":{"rendered":"<p>Le bambous ce laisse tr\u00e9s bien combiner avec les pierres, gravier ou l&rsquo;eau, ou donne un bon arri\u00e8re pour des soulignier des objects sp\u00e9ciales. Mais attention avec les bambous avec ryzomes (surtout les sortes de Phylostachys). Ils doivent \u00eatre barr\u00e9e avec l&rsquo;arr\u00eat de bambous. Cette arr\u00eat doit \u00eatre bien ferm\u00e9e et devrait d\u00e9passe le terrain de environ 10cm, sinon les ryzomes peuvent d\u00e9passer l&rsquo;ar\u00eat.<\/p>\n","protected":false},"excerpt":{"rendered":"<p>Le bambous ce laisse tr\u00e9s bien combiner avec les pierres, gravier ou l&rsquo;eau, ou donne un bon arri\u00e8re pour des soulignier des objects sp\u00e9ciales. Mais attention avec les bambous avec ryzomes (surtout les sortes de Phylostachys). Ils doivent \u00eatre barr\u00e9e avec l&rsquo;arr\u00eat de bambous. Cette arr\u00eat doit \u00eatre bien ferm\u00e9e et devrait d\u00e9passe le terrain de environ 10cm, sinon les ryzomes peuvent d\u00e9passer l&rsquo;ar\u00eat. Eventuellement utiliser un anneaux en b\u00e9ton ou bac en plastique ou similaire.<\/p>\n<p>Nous proposons de utiliser plut\u00f4t des sortes de Fargesia.&nbsp; Ils ne risque pas de s&rsquo;\u00e9taler sur toute un terrain.<\/p>\n<p>Il faut savoir que des bambous pertes toujours des feuilles.&nbsp; Donc mieux pas les utiliser trop proche d&rsquo;une pi\u00e8ce d&rsquo;eau pour ne pas boucher les filtres, skimmer etc.<\/p>\n","protected":false},"featured_media":1128,"template":"","meta":[],"product_brand":[],"product_cat":[95,81,68],"product_tag":[796],"class_list":{"0":"post-2033","1":"product","2":"type-product","3":"status-publish","4":"has-post-thumbnail","6":"product_cat-bonsai-et-plantes-solitaires","7":"product_cat-haies","8":"product_cat-plantations-melangee","9":"product_tag-plts","10":"pa_id-182-fr","12":"first","13":"instock","14":"virtual","15":"purchasable","16":"product-type-simple"},"_links":{"self":[{"href":"https:\/\/kaderli.ch\/fr\/wp-json\/wp\/v2\/product\/2033","targetHints":{"allow":["GET"]}}],"collection":[{"href":"https:\/\/kaderli.ch\/fr\/wp-json\/wp\/v2\/product"}],"about":[{"href":"https:\/\/kaderli.ch\/fr\/wp-json\/wp\/v2\/types\/product"}],"wp:featuredmedia":[{"embeddable":true,"href":"https:\/\/kaderli.ch\/fr\/wp-json\/wp\/v2\/media\/1128"}],"wp:attachment":[{"href":"https:\/\/kaderli.ch\/fr\/wp-json\/wp\/v2\/media?parent=2033"}],"wp:term":[{"taxonomy":"product_brand","embeddable":true,"href":"https:\/\/kaderli.ch\/fr\/wp-json\/wp\/v2\/product_brand?post=2033"},{"taxonomy":"product_cat","embeddable":true,"href":"https:\/\/kaderli.ch\/fr\/wp-json\/wp\/v2\/product_cat?post=2033"},{"taxonomy":"product_tag","embeddable":true,"href":"https:\/\/kaderli.ch\/fr\/wp-json\/wp\/v2\/product_tag?post=2033"}],"curies":[{"name":"wp","href":"https:\/\/api.w.org\/{rel}","templated":true}]}}