{"id":2035,"date":"2017-02-13T12:25:52","date_gmt":"2017-02-13T13:06:26","guid":{"rendered":"http:\/\/kaderli.dev\/product\/support-en-metal-avec-fil-de-fer\/"},"modified":"2020-10-26T17:41:43","modified_gmt":"2020-10-26T17:41:43","slug":"support-en-metal-avec-fil-de-fer","status":"publish","type":"product","link":"https:\/\/kaderli.ch\/fr\/product\/support-en-metal-avec-fil-de-fer\/","title":{"rendered":"Espalier metallique"},"content":{"rendered":"<p>Les supports en poteaux ronde ou T sont calvanis\u00e9e et sont pos\u00e9e dans des fondations en b\u00e9ton. Leurs vie est beaucoup plus long que des supports en bois.<br \/>\nDes informations suppl\u00e9mentaires sur la plantation des fruitiers vous recevez \u00e0 la site www.pflanzanleitung.ch<\/p>\n","protected":false},"excerpt":{"rendered":"<p>Les supports en poteaux ronde ou T sont calvanis\u00e9e et sont pos\u00e9e dans des fondations en b\u00e9ton. Leurs vie est beaucoup plus long que des supports en bois.<br \/>\nDes informations suppl\u00e9mentaires sur la plantation des fruitiers vous recevez \u00e0 la site www.pflanzanleitung.ch<\/p>\n","protected":false},"featured_media":1137,"template":"","meta":[],"product_brand":[],"product_cat":[57,70],"product_tag":[804,796],"class_list":{"0":"post-2035","1":"product","2":"type-product","3":"status-publish","4":"has-post-thumbnail","6":"product_cat-armature-pour-espalier-et-fruits","7":"product_cat-potager-et-verger","8":"product_tag-aed","9":"product_tag-plts","10":"pa_discounts-100_5-90_8-85_12-80_15-fr","11":"pa_id-184-fr","12":"pa_link-www-pflanzanleitung-ch-fr","14":"first","15":"instock","16":"downloadable","17":"purchasable","18":"product-type-simple"},"_links":{"self":[{"href":"https:\/\/kaderli.ch\/fr\/wp-json\/wp\/v2\/product\/2035","targetHints":{"allow":["GET"]}}],"collection":[{"href":"https:\/\/kaderli.ch\/fr\/wp-json\/wp\/v2\/product"}],"about":[{"href":"https:\/\/kaderli.ch\/fr\/wp-json\/wp\/v2\/types\/product"}],"wp:featuredmedia":[{"embeddable":true,"href":"https:\/\/kaderli.ch\/fr\/wp-json\/wp\/v2\/media\/1137"}],"wp:attachment":[{"href":"https:\/\/kaderli.ch\/fr\/wp-json\/wp\/v2\/media?parent=2035"}],"wp:term":[{"taxonomy":"product_brand","embeddable":true,"href":"https:\/\/kaderli.ch\/fr\/wp-json\/wp\/v2\/product_brand?post=2035"},{"taxonomy":"product_cat","embeddable":true,"href":"https:\/\/kaderli.ch\/fr\/wp-json\/wp\/v2\/product_cat?post=2035"},{"taxonomy":"product_tag","embeddable":true,"href":"https:\/\/kaderli.ch\/fr\/wp-json\/wp\/v2\/product_tag?post=2035"}],"curies":[{"name":"wp","href":"https:\/\/api.w.org\/{rel}","templated":true}]}}