{"id":2037,"date":"2017-02-13T12:25:52","date_gmt":"2017-02-13T13:06:26","guid":{"rendered":"http:\/\/kaderli.dev\/product\/bordure-poutre-en-bois\/"},"modified":"2019-02-02T11:23:53","modified_gmt":"2019-02-02T11:23:53","slug":"bordure-poutre-en-bois","status":"publish","type":"product","link":"https:\/\/kaderli.ch\/fr\/product\/bordure-poutre-en-bois\/","title":{"rendered":"Bordure en poutre de ch\u00eane"},"content":{"rendered":"","protected":false},"excerpt":{"rendered":"<p>La bordure en poutre de ch\u00eane ou autre bois peut \u00eatre pos\u00e9e sur une fondation en gravier ou dans une fondation en b\u00e9ton drainante, pour que le bois ne pourris pas si vite. La traverse en bois de ch\u00eane mesure \u00e9p. 13-14cm&nbsp; x larg. 22cm x long. 200-250cm.<\/p>\n","protected":false},"featured_media":1147,"template":"","meta":[],"product_brand":[],"product_cat":[65,90],"product_tag":[804],"class_list":{"0":"post-2037","1":"product","2":"type-product","3":"status-publish","4":"has-post-thumbnail","6":"product_cat-bordures","7":"product_cat-pierres-dalles-de-separation","8":"product_tag-aed","9":"pa_dimensions-laenge-m-fr","10":"pa_id-186-fr","11":"pa_similar-177-fr","13":"first","14":"instock","15":"purchasable","16":"product-type-simple"},"_links":{"self":[{"href":"https:\/\/kaderli.ch\/fr\/wp-json\/wp\/v2\/product\/2037","targetHints":{"allow":["GET"]}}],"collection":[{"href":"https:\/\/kaderli.ch\/fr\/wp-json\/wp\/v2\/product"}],"about":[{"href":"https:\/\/kaderli.ch\/fr\/wp-json\/wp\/v2\/types\/product"}],"wp:featuredmedia":[{"embeddable":true,"href":"https:\/\/kaderli.ch\/fr\/wp-json\/wp\/v2\/media\/1147"}],"wp:attachment":[{"href":"https:\/\/kaderli.ch\/fr\/wp-json\/wp\/v2\/media?parent=2037"}],"wp:term":[{"taxonomy":"product_brand","embeddable":true,"href":"https:\/\/kaderli.ch\/fr\/wp-json\/wp\/v2\/product_brand?post=2037"},{"taxonomy":"product_cat","embeddable":true,"href":"https:\/\/kaderli.ch\/fr\/wp-json\/wp\/v2\/product_cat?post=2037"},{"taxonomy":"product_tag","embeddable":true,"href":"https:\/\/kaderli.ch\/fr\/wp-json\/wp\/v2\/product_tag?post=2037"}],"curies":[{"name":"wp","href":"https:\/\/api.w.org\/{rel}","templated":true}]}}