{"id":2041,"date":"2017-02-13T12:25:52","date_gmt":"2017-02-13T13:06:26","guid":{"rendered":"http:\/\/kaderli.dev\/product\/boite-a-lettre-en-corbeilles-de-pierres\/"},"modified":"2017-08-09T12:37:46","modified_gmt":"2017-08-09T12:37:46","slug":"boite-a-lettre-en-corbeilles-de-pierres","status":"publish","type":"product","link":"https:\/\/kaderli.ch\/fr\/product\/boite-a-lettre-en-corbeilles-de-pierres\/","title":{"rendered":"Boite \u00e0 lettre en gabbion"},"content":{"rendered":"<p>les corbeilles en pierres pr\u00e9fabriques sont plus solides et tiennes plus longtemps parce-que les elements d\u00e9coup\u00e9es sont calvanis\u00e9es \u00e0pr\u00e9s les coupes et les differentes \u00e9l\u00e9ments sont soud\u00e9es.Pour moment nous avons les mod\u00e9les suivantes \u00e0 disposition:Des boites \u00e0 lettre en corbeilles de pierres peuvent aussi \u00e9tre produits selon votre desirs.La bo\u00eete \u00e0 lettre n&rsquo;est pas compris et peut \u00eatre choisie par vous m\u00e9me chez votre fournisseur.<\/p>\n","protected":false},"excerpt":{"rendered":"<p>Les gabions pr\u00e9fabriques pour les boites \u00e0 lettres sont en&nbsp;treillis calvanis\u00e9 et \u00e0 monter sur une fondation en b\u00e9ton. Pour le remplissage vous \u00eates libre dans la choix des pierres.<\/p>\n<p>Des boites \u00e0 lettre en corbeilles de pierres peuvent aussi \u00e9tre produits selon votre desirs et votres escizzes.<\/p>\n<p>La bo\u00eete \u00e0 lettre n&rsquo;est pas compris et peut \u00eatre choisie par vous m\u00e9me chez votre fournisseur ou selon notre catalogue s\u00e9par\u00e9e.<\/p>\n","protected":false},"featured_media":1164,"template":"","meta":[],"product_brand":[],"product_cat":[93],"product_tag":[804],"class_list":{"0":"post-2041","1":"product","2":"type-product","3":"status-publish","4":"has-post-thumbnail","6":"product_cat-boite-a-lettre","7":"product_tag-aed","8":"pa_dimensions-stueck-fr","9":"pa_discounts-650_1-600_10-fr","10":"pa_id-190-fr","11":"pa_link-www-artmetallbau-ch-fr","13":"first","14":"instock","15":"virtual","16":"purchasable","17":"product-type-simple"},"_links":{"self":[{"href":"https:\/\/kaderli.ch\/fr\/wp-json\/wp\/v2\/product\/2041","targetHints":{"allow":["GET"]}}],"collection":[{"href":"https:\/\/kaderli.ch\/fr\/wp-json\/wp\/v2\/product"}],"about":[{"href":"https:\/\/kaderli.ch\/fr\/wp-json\/wp\/v2\/types\/product"}],"wp:featuredmedia":[{"embeddable":true,"href":"https:\/\/kaderli.ch\/fr\/wp-json\/wp\/v2\/media\/1164"}],"wp:attachment":[{"href":"https:\/\/kaderli.ch\/fr\/wp-json\/wp\/v2\/media?parent=2041"}],"wp:term":[{"taxonomy":"product_brand","embeddable":true,"href":"https:\/\/kaderli.ch\/fr\/wp-json\/wp\/v2\/product_brand?post=2041"},{"taxonomy":"product_cat","embeddable":true,"href":"https:\/\/kaderli.ch\/fr\/wp-json\/wp\/v2\/product_cat?post=2041"},{"taxonomy":"product_tag","embeddable":true,"href":"https:\/\/kaderli.ch\/fr\/wp-json\/wp\/v2\/product_tag?post=2041"}],"curies":[{"name":"wp","href":"https:\/\/api.w.org\/{rel}","templated":true}]}}