{"id":2043,"date":"2017-02-13T12:25:52","date_gmt":"2017-02-13T13:06:26","guid":{"rendered":"http:\/\/kaderli.dev\/product\/carena-pave\/"},"modified":"2017-08-09T12:48:30","modified_gmt":"2017-08-09T12:48:30","slug":"carena-pave","status":"publish","type":"product","link":"https:\/\/kaderli.ch\/fr\/product\/carena-pave\/","title":{"rendered":"Carena pav\u00e9 b\u00e9ton"},"content":{"rendered":"<p>Les pav\u00e9s CARENA sont de dimensions 12.5\/12.5, 25\/25 et 12.5\/25 comme aussi en dimension 37.5\/25 et 37.5\/37.5 dans les \u00e9paisseurs 8 et 12cm disponible.<br \/>\nSur les places de parc nous pouvons poser des pav\u00e9s filtrants.Le pav\u00e9 CARENA s&rsquo;accoroche mieux ensemble par rapport le pave classic parce que il a les ergots plus larges, c&rsquo;est pour cela q&rsquo;ils ce propose mieux pour les surfaces carrosables.<br \/>\n<b>\u00c9paisseur<\/b><br \/>\n6cm ; 8cm ; 12cm<br \/>\n<b>Couleurs<\/b><br \/>\ngris; anthrazit; brun clair<br \/>\n<b>CARENA DECO surfaces sabl\u00e9e:<\/b>gris Nordic; Vulcano graphite; Blanc arctique; Sahara jaune<\/p>\n","protected":false},"excerpt":{"rendered":"<p>Les pav\u00e9s CARENA sont de dimensions 12.5\/12.5, 25\/25 et 12.5\/25 comme aussi en dimension 37.5\/25 et 37.5\/37.5 dans les \u00e9paisseurs 8 et 12cm disponible.<br \/>\nSur les places de parc nous pouvons poser des pav\u00e9s filtrants.Le pav\u00e9 CARENA s&rsquo;accoroche mieux ensemble par rapport le pave classic parce que il a les ergots plus larges, c&rsquo;est pour cela q&rsquo;ils ce propose mieux pour les surfaces carrosables.<br \/>\n<b>\u00c9paisseur<\/b><br \/>\n6cm ; 8cm ; 12cm<br \/>\n<b>Couleurs<\/b><br \/>\ngris; anthrazit; brun clair<br \/>\n<b>CARENA DECO surfaces sabl\u00e9e:<\/b>gris Nordic; Vulcano graphite; Blanc arctique; Sahara jaune<\/p>\n","protected":false},"featured_media":1177,"template":"","meta":[],"product_brand":[],"product_cat":[38],"product_tag":[798],"class_list":{"0":"post-2043","1":"product","2":"type-product","3":"status-publish","4":"has-post-thumbnail","6":"product_cat-paves-et-paves-a-emboitement","7":"product_tag-sfd","8":"pa_dimensions-quadratmeter-fr","9":"pa_discounts-53_50-48_100-fr","10":"pa_id-192-fr","11":"pa_link-www-cbm-liste-ch-www-jardin2000-ch-www-helfer-sa-ch-fr","12":"pa_similar-55-fr","14":"first","15":"instock","16":"virtual","17":"purchasable","18":"product-type-simple"},"_links":{"self":[{"href":"https:\/\/kaderli.ch\/fr\/wp-json\/wp\/v2\/product\/2043","targetHints":{"allow":["GET"]}}],"collection":[{"href":"https:\/\/kaderli.ch\/fr\/wp-json\/wp\/v2\/product"}],"about":[{"href":"https:\/\/kaderli.ch\/fr\/wp-json\/wp\/v2\/types\/product"}],"wp:featuredmedia":[{"embeddable":true,"href":"https:\/\/kaderli.ch\/fr\/wp-json\/wp\/v2\/media\/1177"}],"wp:attachment":[{"href":"https:\/\/kaderli.ch\/fr\/wp-json\/wp\/v2\/media?parent=2043"}],"wp:term":[{"taxonomy":"product_brand","embeddable":true,"href":"https:\/\/kaderli.ch\/fr\/wp-json\/wp\/v2\/product_brand?post=2043"},{"taxonomy":"product_cat","embeddable":true,"href":"https:\/\/kaderli.ch\/fr\/wp-json\/wp\/v2\/product_cat?post=2043"},{"taxonomy":"product_tag","embeddable":true,"href":"https:\/\/kaderli.ch\/fr\/wp-json\/wp\/v2\/product_tag?post=2043"}],"curies":[{"name":"wp","href":"https:\/\/api.w.org\/{rel}","templated":true}]}}