{"id":2045,"date":"2017-02-13T12:26:05","date_gmt":"2017-02-13T13:06:38","guid":{"rendered":"http:\/\/kaderli.dev\/product\/palisades-en-pierre-naturelles\/"},"modified":"2018-09-22T16:11:52","modified_gmt":"2018-09-22T16:11:52","slug":"palisades-en-pierre-naturelles","status":"publish","type":"product","link":"https:\/\/kaderli.ch\/fr\/product\/palisades-en-pierre-naturelles\/","title":{"rendered":"Palisades et St\u00e8les en pierre naturelles"},"content":{"rendered":"<p>Les palissades et les piliers peuvent \u00eatre utilis\u00e9s comme protection de vue ou aussi comme&nbsp;sout\u00e8nement ou arr\u00eat d&rsquo;un talus. Ils sont disponibles dans de nombreux types de pierre naturelle.<\/p>\n<p>Comme murs de sout\u00e8nement, d\u00e9s qu&rsquo;il y a une pression sur une c\u00f4t\u00e9 des palissades, &nbsp;elles doivent \u00eatre ancr\u00e9es dans le sol avec au moins un tiers le la hauteur dans une fondation en b\u00e9ton.&nbsp;Egalement pour cette situation les palissades avec l&rsquo;\u00e9paisseur plus&nbsp;forte (8-12 cm d&rsquo;\u00e9paisseur) sont utilis\u00e9s. Il est important d&rsquo;assurer un bon drainage et une couche \u00e9lastique qui peut absorber la pression par le gel en hiver.<\/p>\n<p>Pour la protection de&nbsp;vue, souvent les st\u00e8les&nbsp;plus mince (4-6cm) sont&nbsp;utilis\u00e9s. Les largeurs des St\u00e8les mesures en g\u00e9n\u00e9rale selon la vari\u00e9t\u00e9 de la pierre naturelle de 25cm par 50cm , jusqu&rsquo;\u00e0 100cm, ou&nbsp;la forme et largeur est &nbsp;sauvage en diff\u00e9rentes largeurs.<\/p>\n<p>Les st\u00e8les peuvent \u00eatre tr\u00e8s bien combin\u00e9e avec des plantes, des parois en bois ou m\u00e9tal&nbsp;et \/ ou avec des gabions. La cr\u00e9ation est sans limite.<\/p>\n<p>Volontier nous faisons un projet avec une proposition sur votre terrain.<\/p>\n","protected":false},"excerpt":{"rendered":"<p>Les palissades et les piliers peuvent \u00eatre utilis\u00e9s comme protection de vue ou aussi comme&nbsp;sout\u00e8nement ou arr\u00eat d&rsquo;un talus. Ils sont disponibles dans de nombreux types de pierre naturelle.<\/p>\n<p>Comme murs de sout\u00e8nement, d\u00e9s qu&rsquo;il y a une pression sur une c\u00f4t\u00e9 des palissades, &nbsp;elles doivent \u00eatre ancr\u00e9es dans le sol avec au moins un tiers le la hauteur dans une fondation en b\u00e9ton.&nbsp;Egalement pour cette situation les palissades avec l&rsquo;\u00e9paisseur plus&nbsp;forte (8-12 cm d&rsquo;\u00e9paisseur) sont utilis\u00e9s. Il est important d&rsquo;assurer un bon drainage et une couche \u00e9lastique qui peut absorber la pression par le gel en hiver.<\/p>\n<p>Pour la protection de&nbsp;vue, souvent les st\u00e8les&nbsp;plus mince (4-6cm) sont&nbsp;utilis\u00e9s. Les largeurs des St\u00e8les mesures en g\u00e9n\u00e9rale selon la vari\u00e9t\u00e9 de la pierre naturelle de 25cm par 50cm , jusqu&rsquo;\u00e0 100cm, ou&nbsp;la forme et largeur est &nbsp;sauvage en diff\u00e9rentes largeurs.<\/p>\n<p>Les st\u00e8les peuvent \u00eatre tr\u00e8s bien combin\u00e9e avec des plantes, des parois en bois ou m\u00e9tal&nbsp;et \/ ou avec des gabions. La cr\u00e9ation est sans limite.<\/p>\n<p>Volontier nous faisons un projet avec une proposition sur votre terrain.<\/p>\n","protected":false},"featured_media":4190,"template":"","meta":[],"product_brand":[],"product_cat":[843,87],"product_tag":[792,800],"class_list":{"0":"post-2045","1":"product","2":"type-product","3":"status-publish","4":"has-post-thumbnail","6":"product_cat-divers-protection-de-vue","7":"product_cat-pallisades","8":"product_tag-mrt","9":"product_tag-prn","10":"pa_dimensions-hoehe-m-x-laenge-m-fr","11":"pa_link-www-easynatursteine-ch-www-solag-ch-fr","13":"first","14":"instock","15":"virtual","16":"purchasable","17":"product-type-simple"},"_links":{"self":[{"href":"https:\/\/kaderli.ch\/fr\/wp-json\/wp\/v2\/product\/2045","targetHints":{"allow":["GET"]}}],"collection":[{"href":"https:\/\/kaderli.ch\/fr\/wp-json\/wp\/v2\/product"}],"about":[{"href":"https:\/\/kaderli.ch\/fr\/wp-json\/wp\/v2\/types\/product"}],"wp:featuredmedia":[{"embeddable":true,"href":"https:\/\/kaderli.ch\/fr\/wp-json\/wp\/v2\/media\/4190"}],"wp:attachment":[{"href":"https:\/\/kaderli.ch\/fr\/wp-json\/wp\/v2\/media?parent=2045"}],"wp:term":[{"taxonomy":"product_brand","embeddable":true,"href":"https:\/\/kaderli.ch\/fr\/wp-json\/wp\/v2\/product_brand?post=2045"},{"taxonomy":"product_cat","embeddable":true,"href":"https:\/\/kaderli.ch\/fr\/wp-json\/wp\/v2\/product_cat?post=2045"},{"taxonomy":"product_tag","embeddable":true,"href":"https:\/\/kaderli.ch\/fr\/wp-json\/wp\/v2\/product_tag?post=2045"}],"curies":[{"name":"wp","href":"https:\/\/api.w.org\/{rel}","templated":true}]}}