{"id":2047,"date":"2017-02-13T12:26:05","date_gmt":"2017-02-13T13:06:38","guid":{"rendered":"http:\/\/kaderli.dev\/product\/cunette-en-pierres-naturelle\/"},"modified":"2024-09-23T05:34:31","modified_gmt":"2024-09-23T05:34:31","slug":"cunette-en-pierres-naturelle","status":"publish","type":"product","link":"https:\/\/kaderli.ch\/fr\/product\/cunette-en-pierres-naturelle\/","title":{"rendered":"Cunette en pav\u00e9 naturel"},"content":{"rendered":"<p>La cunette en pav\u00e9 naturel peut \u00eatre tr\u00e8s utilis\u00e9e tr\u00e9s polyvalent. Les bords peuvent \u00eatre abais\u00e9e sporadique pour laisser d\u00e9border l&rsquo;eau dans les espaces verts controll\u00e9e.<br \/>\nla cunette peut \u00e9galement \u00eatre utilis\u00e9 comme une bordure de chemins (par exemple pour chemins en gravier gras), et emp\u00eache ainsi le d\u00e9busquer des bords et des surfaces par la pluie.<\/p>\n","protected":false},"excerpt":{"rendered":"<p>La cunette en pav\u00e9 naturel peut \u00eatre tr\u00e8s utilis\u00e9e tr\u00e9s polyvalent. Les bords peuvent \u00eatre abais\u00e9e sporadique pour laisser d\u00e9border l&rsquo;eau dans les espaces verts controll\u00e9e.<br \/>\nla cunette peut \u00e9galement \u00eatre utilis\u00e9 comme une bordure de chemins (par exemple pour chemins en gravier gras ou asphalte), et emp\u00eache ainsi le d\u00e9busquer des bords et des surfaces par la pluie.<\/p>\n","protected":false},"featured_media":1192,"template":"","meta":[],"product_brand":[],"product_cat":[67],"product_tag":[810,800],"class_list":{"0":"post-2047","1":"product","2":"type-product","3":"status-publish","4":"has-post-thumbnail","6":"product_cat-evacuation-des-eaux-du-surface","7":"product_tag-eau","8":"product_tag-prn","9":"pa_dimensions-laenge-m-fr","11":"first","12":"instock","13":"purchasable","14":"product-type-simple"},"_links":{"self":[{"href":"https:\/\/kaderli.ch\/fr\/wp-json\/wp\/v2\/product\/2047","targetHints":{"allow":["GET"]}}],"collection":[{"href":"https:\/\/kaderli.ch\/fr\/wp-json\/wp\/v2\/product"}],"about":[{"href":"https:\/\/kaderli.ch\/fr\/wp-json\/wp\/v2\/types\/product"}],"wp:featuredmedia":[{"embeddable":true,"href":"https:\/\/kaderli.ch\/fr\/wp-json\/wp\/v2\/media\/1192"}],"wp:attachment":[{"href":"https:\/\/kaderli.ch\/fr\/wp-json\/wp\/v2\/media?parent=2047"}],"wp:term":[{"taxonomy":"product_brand","embeddable":true,"href":"https:\/\/kaderli.ch\/fr\/wp-json\/wp\/v2\/product_brand?post=2047"},{"taxonomy":"product_cat","embeddable":true,"href":"https:\/\/kaderli.ch\/fr\/wp-json\/wp\/v2\/product_cat?post=2047"},{"taxonomy":"product_tag","embeddable":true,"href":"https:\/\/kaderli.ch\/fr\/wp-json\/wp\/v2\/product_tag?post=2047"}],"curies":[{"name":"wp","href":"https:\/\/api.w.org\/{rel}","templated":true}]}}