{"id":2048,"date":"2017-02-13T12:26:05","date_gmt":"2017-02-13T13:06:38","guid":{"rendered":"http:\/\/kaderli.dev\/product\/muret-en-petit-pierres-arriere-stabilisee\/"},"modified":"2018-11-27T17:57:31","modified_gmt":"2018-11-27T17:57:31","slug":"muret-en-petit-pierres-arriere-stabilisee","status":"publish","type":"product","link":"https:\/\/kaderli.ch\/fr\/product\/muret-en-petit-pierres-arriere-stabilisee\/","title":{"rendered":"muret-petit-Tat\u00fcren-fix\u00e9-au-b\u00e9ton"},"content":{"rendered":"","protected":false},"excerpt":{"rendered":"<p>Une stabilisation de l&rsquo;arri\u00e9re du muret et propos\u00e9e surtout s&rsquo;il y a de la pression derri\u00e9re le muret ou si vous aimerez int\u00e9gr\u00e9r des utensiles commes des lampes, cascades etc. dans le muret.<\/p>\n<p>En arri\u00e8re d&rsquo;un muret il faut toujours installer un drainage puis que \u00e0 l&rsquo;arri\u00e8re du muret l&rsquo;eau s&rsquo;accumule, et peut augmenter la pr\u00e9ssion derri\u00e9re le muret.<\/p>\n","protected":false},"featured_media":4635,"template":"","meta":[],"product_brand":[],"product_cat":[36],"product_tag":[792,800],"class_list":{"0":"post-2048","1":"product","2":"type-product","3":"status-publish","4":"has-post-thumbnail","6":"product_cat-pierre-naturel-petit-pierres","7":"product_tag-mrt","8":"product_tag-prn","9":"pa_dimensions-hoehe-m-x-laenge-m-fr","10":"pa_link-www-tatueren-ch-fr","12":"first","13":"instock","14":"purchasable","15":"product-type-simple"},"_links":{"self":[{"href":"https:\/\/kaderli.ch\/fr\/wp-json\/wp\/v2\/product\/2048","targetHints":{"allow":["GET"]}}],"collection":[{"href":"https:\/\/kaderli.ch\/fr\/wp-json\/wp\/v2\/product"}],"about":[{"href":"https:\/\/kaderli.ch\/fr\/wp-json\/wp\/v2\/types\/product"}],"wp:featuredmedia":[{"embeddable":true,"href":"https:\/\/kaderli.ch\/fr\/wp-json\/wp\/v2\/media\/4635"}],"wp:attachment":[{"href":"https:\/\/kaderli.ch\/fr\/wp-json\/wp\/v2\/media?parent=2048"}],"wp:term":[{"taxonomy":"product_brand","embeddable":true,"href":"https:\/\/kaderli.ch\/fr\/wp-json\/wp\/v2\/product_brand?post=2048"},{"taxonomy":"product_cat","embeddable":true,"href":"https:\/\/kaderli.ch\/fr\/wp-json\/wp\/v2\/product_cat?post=2048"},{"taxonomy":"product_tag","embeddable":true,"href":"https:\/\/kaderli.ch\/fr\/wp-json\/wp\/v2\/product_tag?post=2048"}],"curies":[{"name":"wp","href":"https:\/\/api.w.org\/{rel}","templated":true}]}}