{"id":2049,"date":"2017-02-13T12:26:05","date_gmt":"2017-02-13T13:06:38","guid":{"rendered":"http:\/\/kaderli.dev\/product\/piste-de-petangue-ou-piste-de-bocce\/"},"modified":"2024-09-23T05:37:58","modified_gmt":"2024-09-23T05:37:58","slug":"piste-de-petangue-ou-piste-de-bocce","status":"publish","type":"product","link":"https:\/\/kaderli.ch\/fr\/product\/piste-de-petangue-ou-piste-de-bocce\/","title":{"rendered":"Piste de petangue ou piste de bocce"},"content":{"rendered":"<p>La piste de p\u00e9tanque ou de bocce est constitu\u00e9 d&rsquo;un rev\u00eatement de gravier. Il est important de construir un fond propre et de bien s\u00e9par\u00e9r le sol pour \u00e9viter une croissance des mauvaises herbes rapide. Il est \u00e9galement \u00e0 proposer, soit que la surface en gravier n&rsquo;est pas plus profond que l&rsquo;espace vert autour la piste, ou de installer une drainage au point le plus bas pour \u00e9viter que l&rsquo;eaux reste sur la place.<br \/>\nPour l&rsquo;entourage de la piste de p\u00e9tanque nous proposon des traverses en bois ou des b\u00fbches de bois. D&rsquo;autres options sont \u00e9galement possible comme par exemple une bordure en pav\u00e9s ou bordures en caoutchouc et plus.<br \/>\nsouvent dans les jardins, la piste de p\u00e9tangue est construit environ 12 \u00e0 15m de long et environ 2,50 \u00e0 3.50 m\u00e8tres de large.<\/p>\n","protected":false},"excerpt":{"rendered":"<p>La piste de p\u00e9tanque ou de bocce est constitu\u00e9 d&#039;un rev\u00eatement de gravier. Il est important de construir un fond propre et de bien s\u00e9par\u00e9r le sol pour \u00e9viter une croissance des mauvaises herbes rapide. Il est \u00e9galement \u00e0 proposer, soit que la surface en gravier n&#039;est pas plus profond que l&#039;espace vert autour la piste, ou de installer une drainage au point le plus bas pour \u00e9viter que l&#039;eaux reste sur la place.<br \/>\nPour l&#039;entourage de la piste de p\u00e9tanque nous proposon des traverses en bois ou des b\u00fbches de bois. D&#039;autres options sont \u00e9galement possible comme par exemple une bordure en pav\u00e9s ou bordures en caoutchouc et plus.<br \/>\nsouvent dans les jardins, la piste de p\u00e9tangue est construit environ 12 \u00e0 15m de long et environ 2,50 \u00e0 3.50 m\u00e8tres de large.<\/p>\n","protected":false},"featured_media":1199,"template":"","meta":[],"product_brand":[],"product_cat":[77,52],"product_tag":[818],"class_list":{"0":"post-2049","1":"product","2":"type-product","3":"status-publish","4":"has-post-thumbnail","6":"product_cat-place-de-jeux-et-engins","7":"product_cat-gravier-ou-places-naturelles","8":"product_tag-jeuxsport","9":"pa_dimensions-quadratmeter-fr","11":"first","12":"instock","13":"purchasable","14":"product-type-simple"},"_links":{"self":[{"href":"https:\/\/kaderli.ch\/fr\/wp-json\/wp\/v2\/product\/2049","targetHints":{"allow":["GET"]}}],"collection":[{"href":"https:\/\/kaderli.ch\/fr\/wp-json\/wp\/v2\/product"}],"about":[{"href":"https:\/\/kaderli.ch\/fr\/wp-json\/wp\/v2\/types\/product"}],"wp:featuredmedia":[{"embeddable":true,"href":"https:\/\/kaderli.ch\/fr\/wp-json\/wp\/v2\/media\/1199"}],"wp:attachment":[{"href":"https:\/\/kaderli.ch\/fr\/wp-json\/wp\/v2\/media?parent=2049"}],"wp:term":[{"taxonomy":"product_brand","embeddable":true,"href":"https:\/\/kaderli.ch\/fr\/wp-json\/wp\/v2\/product_brand?post=2049"},{"taxonomy":"product_cat","embeddable":true,"href":"https:\/\/kaderli.ch\/fr\/wp-json\/wp\/v2\/product_cat?post=2049"},{"taxonomy":"product_tag","embeddable":true,"href":"https:\/\/kaderli.ch\/fr\/wp-json\/wp\/v2\/product_tag?post=2049"}],"curies":[{"name":"wp","href":"https:\/\/api.w.org\/{rel}","templated":true}]}}