{"id":2053,"date":"2017-02-13T12:26:05","date_gmt":"2017-02-13T13:06:38","guid":{"rendered":"http:\/\/kaderli.dev\/product\/accecoirs-etang\/"},"modified":"2017-07-29T13:22:27","modified_gmt":"2017-07-29T13:22:27","slug":"accecoirs-etang","status":"publish","type":"product","link":"https:\/\/kaderli.ch\/fr\/product\/accecoirs-etang\/","title":{"rendered":"Accessoires \u00e9tang"},"content":{"rendered":"<p>Les divers accesoirs peuvent \u00eatre mont\u00e9e en divers variantes, cach\u00e9es ou des pieces m\u00eame comme objects d\u00e9corativs:<\/p>\n","protected":false},"excerpt":{"rendered":"<p>Comme accessoires de l&rsquo;\u00e9tang, nous avons de nombreux produits \u00e0&nbsp;disposition comme:<\/p>\n<p>-prises electriques avec telecomande&nbsp;et&nbsp;\u00e9l\u00e9ments&nbsp;d&rsquo;\u00e9clairage,<\/p>\n<p>-les filtres et pompes&nbsp;y.c. fontaines,<\/p>\n<p>-a\u00e9rateurs et aspirateurs&nbsp;pour l&rsquo;\u00e9tang,<\/p>\n<p>-b\u00e2ches pour l&rsquo;\u00e9tang et&nbsp;nombreuses mat\u00e9riaux de remplissage et d\u00e9coration&nbsp;et beaucoup d&rsquo;&nbsp;autres.<\/p>\n<p>Demandez notre catalogue \u00ab&nbsp;MERVEILLEUX UNIVERS AQUATIQUES&nbsp;\u00bb ou nous&nbsp;allons passer volontiers&nbsp;chez vous pour un conseil personnel.<\/p>\n","protected":false},"featured_media":1207,"template":"","meta":[],"product_brand":[],"product_cat":[59,58],"product_tag":[810],"class_list":{"0":"post-2053","1":"product","2":"type-product","3":"status-publish","4":"has-post-thumbnail","6":"product_cat-etang-et-tecnique","7":"product_cat-ruisseau","8":"product_tag-eau","9":"pa_id-203-fr","10":"pa_link-www-neogard-chmainnavigationkataloge-fr","12":"first","13":"instock","14":"virtual","15":"product-type-simple"},"_links":{"self":[{"href":"https:\/\/kaderli.ch\/fr\/wp-json\/wp\/v2\/product\/2053","targetHints":{"allow":["GET"]}}],"collection":[{"href":"https:\/\/kaderli.ch\/fr\/wp-json\/wp\/v2\/product"}],"about":[{"href":"https:\/\/kaderli.ch\/fr\/wp-json\/wp\/v2\/types\/product"}],"wp:featuredmedia":[{"embeddable":true,"href":"https:\/\/kaderli.ch\/fr\/wp-json\/wp\/v2\/media\/1207"}],"wp:attachment":[{"href":"https:\/\/kaderli.ch\/fr\/wp-json\/wp\/v2\/media?parent=2053"}],"wp:term":[{"taxonomy":"product_brand","embeddable":true,"href":"https:\/\/kaderli.ch\/fr\/wp-json\/wp\/v2\/product_brand?post=2053"},{"taxonomy":"product_cat","embeddable":true,"href":"https:\/\/kaderli.ch\/fr\/wp-json\/wp\/v2\/product_cat?post=2053"},{"taxonomy":"product_tag","embeddable":true,"href":"https:\/\/kaderli.ch\/fr\/wp-json\/wp\/v2\/product_tag?post=2053"}],"curies":[{"name":"wp","href":"https:\/\/api.w.org\/{rel}","templated":true}]}}