{"id":2054,"date":"2017-02-13T12:26:05","date_gmt":"2017-02-13T13:06:38","guid":{"rendered":"http:\/\/kaderli.dev\/product\/ruisseau\/"},"modified":"2017-07-29T13:28:03","modified_gmt":"2017-07-29T13:28:03","slug":"ruisseau","status":"publish","type":"product","link":"https:\/\/kaderli.ch\/fr\/product\/ruisseau\/","title":{"rendered":"Ruisseau"},"content":{"rendered":"<p>Avec un ruisseau, vous pouvez am\u00e9liorer la qualit\u00e9 de l&rsquo;eau avec de l&rsquo;oxyg\u00e8ne. Un effet est \u00e9galement que que vous pouvez entendre l&rsquo;eau, ce qui a un effet tr\u00e8s calmant.<br \/>\nPour s\u00e9lectionner la bonne taille de la pompe il faut donner les renseignements suivants \u00e0 votre vendeur:\\n<br \/>\n&#8211; Quelle est la largeur du ruisseau?<br \/>\n&#8211; Quelle est la la diff\u00e9rence de hauteur et la distance de la surface de l jusque au sorti de l eau dans le ruisseau?<br \/>\n&#8211; il y a un filtre entre deux? lequel?<\/p>\n","protected":false},"excerpt":{"rendered":"<p>Avec un ruisseau, vous pouvez am\u00e9liorer la qualit\u00e9 de l&rsquo;eau avec de l&rsquo;oxyg\u00e8ne. Un effet est \u00e9galement que que vous pouvez entendre l&rsquo;eau, ce qui a un effet tr\u00e8s calmant.<br \/>\nPour s\u00e9lectionner la bonne taille de la pompe il faut donner les renseignements suivants \u00e0 votre vendeur:\\n<br \/>\n&#8211; Quelle est la largeur du ruisseau?<br \/>\n&#8211; Quelle est la la diff\u00e9rence de hauteur et la distance de la surface de l jusque au sorti de l eau dans le ruisseau?<br \/>\n&#8211; il y a un filtre entre deux? lequel?<\/p>\n","protected":false},"featured_media":1212,"template":"","meta":[],"product_brand":[],"product_cat":[58],"product_tag":[810],"class_list":{"0":"post-2054","1":"product","2":"type-product","3":"status-publish","4":"has-post-thumbnail","6":"product_cat-ruisseau","7":"product_tag-eau","8":"pa_id-204-fr","9":"pa_similar-205-115-fr","11":"first","12":"instock","13":"virtual","14":"product-type-simple"},"_links":{"self":[{"href":"https:\/\/kaderli.ch\/fr\/wp-json\/wp\/v2\/product\/2054","targetHints":{"allow":["GET"]}}],"collection":[{"href":"https:\/\/kaderli.ch\/fr\/wp-json\/wp\/v2\/product"}],"about":[{"href":"https:\/\/kaderli.ch\/fr\/wp-json\/wp\/v2\/types\/product"}],"wp:featuredmedia":[{"embeddable":true,"href":"https:\/\/kaderli.ch\/fr\/wp-json\/wp\/v2\/media\/1212"}],"wp:attachment":[{"href":"https:\/\/kaderli.ch\/fr\/wp-json\/wp\/v2\/media?parent=2054"}],"wp:term":[{"taxonomy":"product_brand","embeddable":true,"href":"https:\/\/kaderli.ch\/fr\/wp-json\/wp\/v2\/product_brand?post=2054"},{"taxonomy":"product_cat","embeddable":true,"href":"https:\/\/kaderli.ch\/fr\/wp-json\/wp\/v2\/product_cat?post=2054"},{"taxonomy":"product_tag","embeddable":true,"href":"https:\/\/kaderli.ch\/fr\/wp-json\/wp\/v2\/product_tag?post=2054"}],"curies":[{"name":"wp","href":"https:\/\/api.w.org\/{rel}","templated":true}]}}