{"id":2056,"date":"2017-02-13T12:26:05","date_gmt":"2017-02-13T13:06:38","guid":{"rendered":"http:\/\/kaderli.dev\/product\/antinea-jaune\/"},"modified":"2017-07-29T13:52:37","modified_gmt":"2017-07-29T13:52:37","slug":"antinea-jaune","status":"publish","type":"product","link":"https:\/\/kaderli.ch\/fr\/product\/antinea-jaune\/","title":{"rendered":"Antinea jaune"},"content":{"rendered":"<p>Les ar\u00eates des pav\u00e9s Antinea sont irr\u00e9guli\u00e8rement cass\u00e9es. Le pav\u00e9 donne un effet intemporel et naturel. Il est une variante comme remplacement du pav\u00e9 naturel.<br \/>\n<b>\u00c9paisseur<\/b><br \/>\n6\/8cm<br \/>\n<b>Couleurs<\/b><br \/>\njanue, anthracite<\/p>\n","protected":false},"excerpt":{"rendered":"<p>Les ar\u00eates des pav\u00e9s Antinea sont irr\u00e9guli\u00e8rement cass\u00e9es. Le pav\u00e9 donne un effet intemporel et naturel. Il est une variante comme remplacement du pav\u00e9 naturel.<br \/>\n<b>\u00c9paisseur<\/b><br \/>\n6\/8cm<br \/>\n<b>Couleurs<\/b><br \/>\njanue, anthracite<\/p>\n","protected":false},"featured_media":1229,"template":"","meta":[],"product_brand":[],"product_cat":[38],"product_tag":[798],"class_list":{"0":"post-2056","1":"product","2":"type-product","3":"status-publish","4":"has-post-thumbnail","6":"product_cat-paves-et-paves-a-emboitement","7":"product_tag-sfd","8":"pa_dimensions-laenge-m-x-breite-m-fr","9":"pa_discounts-79_50-75_100-fr","10":"pa_id-207-fr","12":"first","13":"instock","14":"virtual","15":"purchasable","16":"product-type-simple"},"_links":{"self":[{"href":"https:\/\/kaderli.ch\/fr\/wp-json\/wp\/v2\/product\/2056","targetHints":{"allow":["GET"]}}],"collection":[{"href":"https:\/\/kaderli.ch\/fr\/wp-json\/wp\/v2\/product"}],"about":[{"href":"https:\/\/kaderli.ch\/fr\/wp-json\/wp\/v2\/types\/product"}],"wp:featuredmedia":[{"embeddable":true,"href":"https:\/\/kaderli.ch\/fr\/wp-json\/wp\/v2\/media\/1229"}],"wp:attachment":[{"href":"https:\/\/kaderli.ch\/fr\/wp-json\/wp\/v2\/media?parent=2056"}],"wp:term":[{"taxonomy":"product_brand","embeddable":true,"href":"https:\/\/kaderli.ch\/fr\/wp-json\/wp\/v2\/product_brand?post=2056"},{"taxonomy":"product_cat","embeddable":true,"href":"https:\/\/kaderli.ch\/fr\/wp-json\/wp\/v2\/product_cat?post=2056"},{"taxonomy":"product_tag","embeddable":true,"href":"https:\/\/kaderli.ch\/fr\/wp-json\/wp\/v2\/product_tag?post=2056"}],"curies":[{"name":"wp","href":"https:\/\/api.w.org\/{rel}","templated":true}]}}