{"id":2057,"date":"2017-02-13T12:26:05","date_gmt":"2017-02-13T13:06:38","guid":{"rendered":"http:\/\/kaderli.dev\/product\/lambourdes-en-bois\/"},"modified":"2017-07-29T14:02:40","modified_gmt":"2017-07-29T14:02:40","slug":"lambourdes-en-bois","status":"publish","type":"product","link":"https:\/\/kaderli.ch\/fr\/product\/lambourdes-en-bois\/","title":{"rendered":"Lambourdes en bois"},"content":{"rendered":"<p>Avec les lambourdes on peut stabiliser la terre v\u00e9g\u00e9tale dans un talue. Les planches sont \u00e0 fixer sur les poteaux q&rsquo;on plante dans le talue. C&rsquo;est important q&rsquo;on pose les lambourdes \u00e0 l\u00e2ngle 45\u00b0 contre le talue. Plus tard, la v\u00e9g\u00e9talisation reprend la stabilisation du talue<\/p>\n","protected":false},"excerpt":{"rendered":"<p>Avec les lambourdes on peut stabiliser la terre v\u00e9g\u00e9tale dans un talue. Les planches sont \u00e0 fixer sur les poteaux q&rsquo;on plante dans le talue.<\/p>\n<p>C&rsquo;est important q&rsquo;on pose les lambourdes \u00e0 l\u00e2ngle de&nbsp;45\u00b0 contre le talue. Plus tard, la v\u00e9g\u00e9talisation reprend la stabilisation du talue<\/p>\n","protected":false},"featured_media":1235,"template":"","meta":[],"product_brand":[],"product_cat":[69],"product_tag":[808],"class_list":{"0":"post-2057","1":"product","2":"type-product","3":"status-publish","4":"has-post-thumbnail","6":"product_cat-stabilisation-talue-et-couverture","7":"product_tag-ftajdp","8":"pa_id-208-fr","10":"first","11":"instock","12":"virtual","13":"product-type-simple"},"_links":{"self":[{"href":"https:\/\/kaderli.ch\/fr\/wp-json\/wp\/v2\/product\/2057","targetHints":{"allow":["GET"]}}],"collection":[{"href":"https:\/\/kaderli.ch\/fr\/wp-json\/wp\/v2\/product"}],"about":[{"href":"https:\/\/kaderli.ch\/fr\/wp-json\/wp\/v2\/types\/product"}],"wp:featuredmedia":[{"embeddable":true,"href":"https:\/\/kaderli.ch\/fr\/wp-json\/wp\/v2\/media\/1235"}],"wp:attachment":[{"href":"https:\/\/kaderli.ch\/fr\/wp-json\/wp\/v2\/media?parent=2057"}],"wp:term":[{"taxonomy":"product_brand","embeddable":true,"href":"https:\/\/kaderli.ch\/fr\/wp-json\/wp\/v2\/product_brand?post=2057"},{"taxonomy":"product_cat","embeddable":true,"href":"https:\/\/kaderli.ch\/fr\/wp-json\/wp\/v2\/product_cat?post=2057"},{"taxonomy":"product_tag","embeddable":true,"href":"https:\/\/kaderli.ch\/fr\/wp-json\/wp\/v2\/product_tag?post=2057"}],"curies":[{"name":"wp","href":"https:\/\/api.w.org\/{rel}","templated":true}]}}