{"id":2058,"date":"2017-02-13T12:26:05","date_gmt":"2017-02-13T13:06:38","guid":{"rendered":"http:\/\/kaderli.dev\/product\/filet-en-jute-ou-cocos\/"},"modified":"2017-07-31T08:49:20","modified_gmt":"2017-07-31T08:49:20","slug":"filet-en-jute-ou-cocos","status":"publish","type":"product","link":"https:\/\/kaderli.ch\/fr\/product\/filet-en-jute-ou-cocos\/","title":{"rendered":"Filet en jute ou coco"},"content":{"rendered":"<p>Les couvertures avec les filet stabilises les talus au-dessus de erosion avec la pluie. Ils sont une bonne combinaison avec l&rsquo;installation pr\u00e9alablement des lambourdes. Apr\u00e8s l&rsquo;application avec le filet de jute ou cocos, le talu est plant\u00e9. Les filet vont pourrir avec le temps, et la stabilisation est pris en charge par la v\u00e9g\u00e9tation.<br \/>\nLe filet en jute est bien pour une pente plust\u00f4t douce, la durabilit\u00e9e est moins long que les filet de cocos. Il existe des differentes qualit\u00e9es de filet:<br \/>\n<b>filet de jute:<\/b> 210gr. et 500gr.<br \/>\n<b>filet en cocos:<\/b> 400gr., 700gr. und 900gr.<br \/>\nLes filet sont fix\u00e9es avec des agraffes en acier ou bois.<\/p>\n","protected":false},"excerpt":{"rendered":"<p>La couverture d&rsquo;un talus&nbsp;avec le filet stabilises la surface du talus contre l&rsquo; erosion avec la pluie. La bonne combinaison c&rsquo;est de installer les lambourdes,&nbsp;mettre la terre v\u00e9g\u00e9tale en place, planter ou&nbsp;semer le talus et couvrir avec un tissus, en ca du semis avec la jute, en cas d&rsquo;une plantation plut\u00f4t avec un&nbsp;tissus en coco&nbsp; puis que ca dure quand-m\u00eame plusieurs mois ou ann\u00e9es que les racines ont pris la fixation de la terre.<\/p>\n<p>Le filet en jute est bien pour une pente plust\u00f4t douce, la durabilit\u00e9e du filet&nbsp;de coco&nbsp;est&nbsp;plus long que les filet&nbsp;en jute.<\/p>\n<p>Nous avons des differentes qualit\u00e9es de filet:<br \/>\n<b>filet de jute:<\/b> 210gr. et 500gr.<br \/>\n<b>filet en cocos:<\/b> 400gr., 700gr. und 900gr.<br \/>\nLes filet sont fix\u00e9es avec des agraffes en acier ou bois.<\/p>\n","protected":false},"featured_media":1237,"template":"","meta":[],"product_brand":[],"product_cat":[69],"product_tag":[808],"class_list":{"0":"post-2058","1":"product","2":"type-product","3":"status-publish","4":"has-post-thumbnail","6":"product_cat-stabilisation-talue-et-couverture","7":"product_tag-ftajdp","8":"pa_dimensions-laenge-m-x-breite-m-fr","9":"pa_discounts-12-50_20-8-50_50-fr","10":"pa_id-209-fr","12":"first","13":"instock","14":"virtual","15":"purchasable","16":"product-type-simple"},"_links":{"self":[{"href":"https:\/\/kaderli.ch\/fr\/wp-json\/wp\/v2\/product\/2058","targetHints":{"allow":["GET"]}}],"collection":[{"href":"https:\/\/kaderli.ch\/fr\/wp-json\/wp\/v2\/product"}],"about":[{"href":"https:\/\/kaderli.ch\/fr\/wp-json\/wp\/v2\/types\/product"}],"wp:featuredmedia":[{"embeddable":true,"href":"https:\/\/kaderli.ch\/fr\/wp-json\/wp\/v2\/media\/1237"}],"wp:attachment":[{"href":"https:\/\/kaderli.ch\/fr\/wp-json\/wp\/v2\/media?parent=2058"}],"wp:term":[{"taxonomy":"product_brand","embeddable":true,"href":"https:\/\/kaderli.ch\/fr\/wp-json\/wp\/v2\/product_brand?post=2058"},{"taxonomy":"product_cat","embeddable":true,"href":"https:\/\/kaderli.ch\/fr\/wp-json\/wp\/v2\/product_cat?post=2058"},{"taxonomy":"product_tag","embeddable":true,"href":"https:\/\/kaderli.ch\/fr\/wp-json\/wp\/v2\/product_tag?post=2058"}],"curies":[{"name":"wp","href":"https:\/\/api.w.org\/{rel}","templated":true}]}}