{"id":2059,"date":"2017-02-13T12:26:05","date_gmt":"2017-02-13T13:06:38","guid":{"rendered":"http:\/\/kaderli.dev\/product\/couverture-en-copeaux\/"},"modified":"2017-07-31T09:03:06","modified_gmt":"2017-07-31T09:03:06","slug":"couverture-en-copeaux","status":"publish","type":"product","link":"https:\/\/kaderli.ch\/fr\/product\/couverture-en-copeaux\/","title":{"rendered":"Couverture en copeaux"},"content":{"rendered":"<p>Dans de nombreux cas, les pentes sont couvertes en copeaux. Cela prot\u00e8ge \u00e9galement contre l&rsquo;\u00e9rosion, le sol conserve humidite pour les plantes et la couverture diminue l&rsquo; excessive de mauvaises herbes. Attention, le pourrissement de copeaux de bois prend les nutriments du sol. Par cons\u00e9quent, l&rsquo;engrais doit \u00eatre rajout\u00e9 dans la plantation. Plantes couvre-sol et des plantes vivaces de d\u00e9veloppes moins bien dans des couvertures en copeaux de bois ou d&rsquo;\u00e9corce. Pour cela vous utilisez plust\u00f4t ces copeaux de roseau, la paille, copeaux chocolat et autres similaires.<\/p>\n","protected":false},"excerpt":{"rendered":"<p>Dans de nombreux cas, les pentes sont couvertes en copeaux. Cela prot\u00e8ge \u00e9galement contre l&rsquo;\u00e9rosion, le sol conserve humidite pour les plantes et la couverture diminue l&rsquo; excessive de mauvaises herbes. Attention, le pourrissement de copeaux&nbsp;en bois prend les nutriments du sol. Par cons\u00e9quent, l&rsquo;engrais doit \u00eatre rajout\u00e9 dans la plantation.<\/p>\n<p>Plantes couvre-sol et des plantes vivaces se d\u00e9veloppes moins bien dans des couvertures en copeaux de bois ou grand copeaux d&rsquo;\u00e9corce. Pour cela nous vous conseillons de&nbsp;utiliser plut\u00f4t des copeaux de roseau, la paille, copeaux chocolat et autres similaires.<\/p>\n<p>Nous avons des copeaux d&rsquo;ecorces fins de 0-20mm en sacs de 70ltr. \u00e0 disposition.<\/p>\n","protected":false},"featured_media":1243,"template":"","meta":[],"product_brand":[],"product_cat":[69],"product_tag":[808],"class_list":{"0":"post-2059","1":"product","2":"type-product","3":"status-publish","4":"has-post-thumbnail","6":"product_cat-stabilisation-talue-et-couverture","7":"product_tag-ftajdp","8":"pa_dimensions-flaeche-m-fr","9":"pa_discounts-8_10-6_25-5_100-fr","10":"pa_id-210-fr","12":"first","13":"instock","14":"virtual","15":"purchasable","16":"product-type-simple"},"_links":{"self":[{"href":"https:\/\/kaderli.ch\/fr\/wp-json\/wp\/v2\/product\/2059","targetHints":{"allow":["GET"]}}],"collection":[{"href":"https:\/\/kaderli.ch\/fr\/wp-json\/wp\/v2\/product"}],"about":[{"href":"https:\/\/kaderli.ch\/fr\/wp-json\/wp\/v2\/types\/product"}],"wp:featuredmedia":[{"embeddable":true,"href":"https:\/\/kaderli.ch\/fr\/wp-json\/wp\/v2\/media\/1243"}],"wp:attachment":[{"href":"https:\/\/kaderli.ch\/fr\/wp-json\/wp\/v2\/media?parent=2059"}],"wp:term":[{"taxonomy":"product_brand","embeddable":true,"href":"https:\/\/kaderli.ch\/fr\/wp-json\/wp\/v2\/product_brand?post=2059"},{"taxonomy":"product_cat","embeddable":true,"href":"https:\/\/kaderli.ch\/fr\/wp-json\/wp\/v2\/product_cat?post=2059"},{"taxonomy":"product_tag","embeddable":true,"href":"https:\/\/kaderli.ch\/fr\/wp-json\/wp\/v2\/product_tag?post=2059"}],"curies":[{"name":"wp","href":"https:\/\/api.w.org\/{rel}","templated":true}]}}