{"id":2062,"date":"2017-02-13T12:26:05","date_gmt":"2017-02-13T13:06:38","guid":{"rendered":"http:\/\/kaderli.dev\/product\/drainage-comme-pour-evacuation-le-l-eau\/"},"modified":"2017-07-31T10:57:57","modified_gmt":"2017-07-31T10:57:57","slug":"drainage-comme-pour-evacuation-le-l-eau","status":"publish","type":"product","link":"https:\/\/kaderli.ch\/fr\/product\/drainage-comme-pour-evacuation-le-l-eau\/","title":{"rendered":"Drainage comme \u00e9vacuation de l&rsquo;eau"},"content":{"rendered":"<p>Au bord des surfaces durs ou aussi dans des patie plus bas dans la surface vert on travail avec un drainage pour \u00e9vacuer l&rsquo;eau de la surface. Cette drainage ce laisse bien aussi int\u00e9grer dans la cr\u00e9ation le l&rsquo;am\u00e9nagement ext\u00e9rieur<\/p>\n","protected":false},"excerpt":{"rendered":"<p>Au bord des surfaces durs ou aussi dans le patie plus bas dans la surface vert on travail avec un drainage pour \u00e9vacuer l&rsquo;eau de la surface. Cette drainage ce laisse bien aussi int\u00e9grer dans la cr\u00e9ation le l&rsquo;am\u00e9nagement ext\u00e9rieur. Elle peut \u00eatre dessous de la surface ou vous pouvez aussi bien la laisser visible.&nbsp;<\/p>\n<p>Ce deuxi\u00e8me va \u00eatre beaucoup plus efficace dans leur fonctionnement, mais il faut le nettoyer d\u00e9s feuilles ou similaires.<\/p>\n<p>Un bord en pav\u00e9e vous facilite l&rsquo;entretien de la surface vert.<\/p>\n","protected":false},"featured_media":1251,"template":"","meta":[],"product_brand":[],"product_cat":[67],"product_tag":[810],"class_list":{"0":"post-2062","1":"product","2":"type-product","3":"status-publish","4":"has-post-thumbnail","6":"product_cat-evacuation-des-eaux-du-surface","7":"product_tag-eau","8":"pa_id-213-fr","10":"first","11":"instock","12":"virtual","13":"product-type-simple"},"_links":{"self":[{"href":"https:\/\/kaderli.ch\/fr\/wp-json\/wp\/v2\/product\/2062","targetHints":{"allow":["GET"]}}],"collection":[{"href":"https:\/\/kaderli.ch\/fr\/wp-json\/wp\/v2\/product"}],"about":[{"href":"https:\/\/kaderli.ch\/fr\/wp-json\/wp\/v2\/types\/product"}],"wp:featuredmedia":[{"embeddable":true,"href":"https:\/\/kaderli.ch\/fr\/wp-json\/wp\/v2\/media\/1251"}],"wp:attachment":[{"href":"https:\/\/kaderli.ch\/fr\/wp-json\/wp\/v2\/media?parent=2062"}],"wp:term":[{"taxonomy":"product_brand","embeddable":true,"href":"https:\/\/kaderli.ch\/fr\/wp-json\/wp\/v2\/product_brand?post=2062"},{"taxonomy":"product_cat","embeddable":true,"href":"https:\/\/kaderli.ch\/fr\/wp-json\/wp\/v2\/product_cat?post=2062"},{"taxonomy":"product_tag","embeddable":true,"href":"https:\/\/kaderli.ch\/fr\/wp-json\/wp\/v2\/product_tag?post=2062"}],"curies":[{"name":"wp","href":"https:\/\/api.w.org\/{rel}","templated":true}]}}