{"id":2064,"date":"2017-02-13T12:26:05","date_gmt":"2017-02-13T13:06:38","guid":{"rendered":"http:\/\/kaderli.dev\/product\/genevriers\/"},"modified":"2017-08-25T17:00:19","modified_gmt":"2017-08-25T17:00:19","slug":"genevriers","status":"publish","type":"product","link":"https:\/\/kaderli.ch\/fr\/product\/genevriers\/","title":{"rendered":"Gen\u00e9vriers"},"content":{"rendered":"<p>Les genevriers couvrent une surface tr\u00e9s solide et serres. L&rsquo;avantage est que le sol entre deux peut \u00eatre couvert avec les copeaux et comme-\u00e7a il y a pas beaucoup d&rsquo;entretien \u00e0 faire.<\/p>\n","protected":false},"excerpt":{"rendered":"<p>Les gen\u00e9vriers couvrent une surface tr\u00e9s solide et serres. L&#039;avantage est que le sol entre deux peut \u00eatre couvert avec les copeaux et comme-\u00e7a il y a pas beaucoup d&#039;entretien \u00e0 faire.<\/p>\n<p>Les soucis&nbsp;que le gen\u00e9vrier porte les spores de feu bact\u00e9rien n&#039;est plus pr\u00e9sente, puisque tous les sortes dangereuses&nbsp;ont disparu de nos assortiments, et les sortes&nbsp;disponibles ne sont plus des porteurs du feu bact\u00e9rien.<br \/>\nLa combinaison des gen\u00e9vriers avec d&#039;autres arbustes \u00e0&nbsp;fleurs&nbsp;ou des gramin\u00e9es donne un design de talus tr\u00e8s beau et sont&nbsp;tr\u00e8s simple \u00e0 l&#039;entretien.<\/p>\n","protected":false},"featured_media":1257,"template":"","meta":[],"product_brand":[],"product_cat":[69,82],"product_tag":[808,796],"class_list":{"0":"post-2064","1":"product","2":"type-product","3":"status-publish","4":"has-post-thumbnail","6":"product_cat-stabilisation-talue-et-couverture","7":"product_cat-plantes-tapissantes","8":"product_tag-ftajdp","9":"product_tag-plts","10":"pa_id-215-fr","12":"first","13":"instock","14":"virtual","15":"product-type-simple"},"_links":{"self":[{"href":"https:\/\/kaderli.ch\/fr\/wp-json\/wp\/v2\/product\/2064","targetHints":{"allow":["GET"]}}],"collection":[{"href":"https:\/\/kaderli.ch\/fr\/wp-json\/wp\/v2\/product"}],"about":[{"href":"https:\/\/kaderli.ch\/fr\/wp-json\/wp\/v2\/types\/product"}],"wp:featuredmedia":[{"embeddable":true,"href":"https:\/\/kaderli.ch\/fr\/wp-json\/wp\/v2\/media\/1257"}],"wp:attachment":[{"href":"https:\/\/kaderli.ch\/fr\/wp-json\/wp\/v2\/media?parent=2064"}],"wp:term":[{"taxonomy":"product_brand","embeddable":true,"href":"https:\/\/kaderli.ch\/fr\/wp-json\/wp\/v2\/product_brand?post=2064"},{"taxonomy":"product_cat","embeddable":true,"href":"https:\/\/kaderli.ch\/fr\/wp-json\/wp\/v2\/product_cat?post=2064"},{"taxonomy":"product_tag","embeddable":true,"href":"https:\/\/kaderli.ch\/fr\/wp-json\/wp\/v2\/product_tag?post=2064"}],"curies":[{"name":"wp","href":"https:\/\/api.w.org\/{rel}","templated":true}]}}