{"id":2067,"date":"2017-02-13T12:26:19","date_gmt":"2017-02-13T13:06:49","guid":{"rendered":"http:\/\/kaderli.dev\/product\/parevents-en-bois\/"},"modified":"2018-09-22T16:09:31","modified_gmt":"2018-09-22T16:09:31","slug":"parevents-en-bois","status":"publish","type":"product","link":"https:\/\/kaderli.ch\/fr\/product\/parevents-en-bois\/","title":{"rendered":"parois en bois"},"content":{"rendered":"<p>Les&nbsp;parois en bois peuvent \u00eatre en natur, autoclav\u00e9e ou encolor\u00e9e. Les poteaux sont souvent pos\u00e9e dans une fondation en b\u00e9ton, en avantage avec en ancre en fer calvanis\u00e9e pour \u00e9viter la pouriture trop vite. Ils existe aussi des ancre pour les poteaux que vous pouvez tapper dans le sol naturel.<\/p>\n","protected":false},"excerpt":{"rendered":"<p>Les parois en bois peuvent \u00eatre natur, autoclav\u00e9e ou encolor\u00e9e. Les poteaux sont souvent pos\u00e9e dans une fondation en b\u00e9ton, en avantage avec en ancre en fer calvanis\u00e9e pour \u00e9viter la pouriture trop vite. Ils existe aussi des ancre pour les poteaux que vous pouvez tapper dans le sol naturel.<\/p>\n","protected":false},"featured_media":1265,"template":"","meta":[],"product_brand":[],"product_cat":[843],"product_tag":[794],"class_list":{"0":"post-2067","1":"product","2":"type-product","3":"status-publish","4":"has-post-thumbnail","6":"product_cat-divers-protection-de-vue","7":"product_tag-prv","9":"first","10":"instock","11":"virtual","12":"product-type-simple"},"_links":{"self":[{"href":"https:\/\/kaderli.ch\/fr\/wp-json\/wp\/v2\/product\/2067","targetHints":{"allow":["GET"]}}],"collection":[{"href":"https:\/\/kaderli.ch\/fr\/wp-json\/wp\/v2\/product"}],"about":[{"href":"https:\/\/kaderli.ch\/fr\/wp-json\/wp\/v2\/types\/product"}],"wp:featuredmedia":[{"embeddable":true,"href":"https:\/\/kaderli.ch\/fr\/wp-json\/wp\/v2\/media\/1265"}],"wp:attachment":[{"href":"https:\/\/kaderli.ch\/fr\/wp-json\/wp\/v2\/media?parent=2067"}],"wp:term":[{"taxonomy":"product_brand","embeddable":true,"href":"https:\/\/kaderli.ch\/fr\/wp-json\/wp\/v2\/product_brand?post=2067"},{"taxonomy":"product_cat","embeddable":true,"href":"https:\/\/kaderli.ch\/fr\/wp-json\/wp\/v2\/product_cat?post=2067"},{"taxonomy":"product_tag","embeddable":true,"href":"https:\/\/kaderli.ch\/fr\/wp-json\/wp\/v2\/product_tag?post=2067"}],"curies":[{"name":"wp","href":"https:\/\/api.w.org\/{rel}","templated":true}]}}