{"id":2074,"date":"2017-02-13T12:26:19","date_gmt":"2017-02-13T13:06:49","guid":{"rendered":"http:\/\/kaderli.dev\/product\/protection-fassade-avec-gravier\/"},"modified":"2017-07-08T14:57:18","modified_gmt":"2017-07-08T14:57:18","slug":"protection-fassade-avec-gravier","status":"publish","type":"product","link":"https:\/\/kaderli.ch\/fr\/product\/protection-fassade-avec-gravier\/","title":{"rendered":"Protection fassade avec gravier"},"content":{"rendered":"<p>A l&rsquo;utilisation de graviers pour la protection de la fa\u00e7ade il y a pas de limite dans la cr\u00e9ation avec les diff\u00e9rentes couleurs, formes et tailles des gravieres.<br \/>\nSelon le prix des graviers on utilise que une couche fine du gravier pour que les co\u00fbts ne d\u00e9bordes pas les investisions.<\/p>\n","protected":false},"excerpt":{"rendered":"<p>A l&rsquo;utilisation de graviers pour la protection de la fa\u00e7ade il y a pas de limite dans la cr\u00e9ation avec les diff\u00e9rentes couleurs, formes et tailles des gravieres.<br \/>\nSelon le prix des graviers on utilise que une couche fine du gravier pour que les co\u00fbts ne d\u00e9bordes pas les investisions.<\/p>\n","protected":false},"featured_media":1273,"template":"","meta":[],"product_brand":[],"product_cat":[66],"product_tag":[804],"class_list":{"0":"post-2074","1":"product","2":"type-product","3":"status-publish","4":"has-post-thumbnail","6":"product_cat-protectinon-de-fassades","7":"product_tag-aed","8":"pa_dimensions-laenge-m-fr","10":"first","11":"instock","12":"purchasable","13":"product-type-simple"},"_links":{"self":[{"href":"https:\/\/kaderli.ch\/fr\/wp-json\/wp\/v2\/product\/2074","targetHints":{"allow":["GET"]}}],"collection":[{"href":"https:\/\/kaderli.ch\/fr\/wp-json\/wp\/v2\/product"}],"about":[{"href":"https:\/\/kaderli.ch\/fr\/wp-json\/wp\/v2\/types\/product"}],"wp:featuredmedia":[{"embeddable":true,"href":"https:\/\/kaderli.ch\/fr\/wp-json\/wp\/v2\/media\/1273"}],"wp:attachment":[{"href":"https:\/\/kaderli.ch\/fr\/wp-json\/wp\/v2\/media?parent=2074"}],"wp:term":[{"taxonomy":"product_brand","embeddable":true,"href":"https:\/\/kaderli.ch\/fr\/wp-json\/wp\/v2\/product_brand?post=2074"},{"taxonomy":"product_cat","embeddable":true,"href":"https:\/\/kaderli.ch\/fr\/wp-json\/wp\/v2\/product_cat?post=2074"},{"taxonomy":"product_tag","embeddable":true,"href":"https:\/\/kaderli.ch\/fr\/wp-json\/wp\/v2\/product_tag?post=2074"}],"curies":[{"name":"wp","href":"https:\/\/api.w.org\/{rel}","templated":true}]}}