{"id":2076,"date":"2017-02-13T12:26:19","date_gmt":"2017-02-13T13:06:49","guid":{"rendered":"http:\/\/kaderli.dev\/product\/potager-elevee\/"},"modified":"2017-08-25T17:13:03","modified_gmt":"2017-08-25T17:13:03","slug":"potager-elevee","status":"publish","type":"product","link":"https:\/\/kaderli.ch\/fr\/product\/potager-elevee\/","title":{"rendered":"potager surlev\u00e9e"},"content":{"rendered":"<p>Le potager sur\u00e9lev\u00e9e est tr\u00e8s agr\u00e9able pour travailler sans se pencher parterre. Cela prot\u00e8ge le dos et est moins stressant. Un plaisir \u00e0 cultiver les l\u00e9gumes.<\/p>\n<p>Vous pouvez construire ces potager avec des poutres ou planches en bois, des plaques en m\u00e9tal ou b\u00e9ton etc. Sur la march\u00e9 il y a aussi beaucoup des produits fini que vous pouvez installer comme une table.<\/p>\n<p>Pour la construction et le remplissage nous vous tenons volontier des indications de construction \u00e0 v\u00f4tre disposition.<\/p>\n","protected":false},"excerpt":{"rendered":"<p>Le&nbsp;potager sur\u00e9lev\u00e9e est tr\u00e8s agr\u00e9able de travailler sans se pencher parterre. Cela prot\u00e8ge le dos et est moins stressant. Un plaisir \u00e0 cultiver des l\u00e9gumes.<\/p>\n<p>Vous pouvez construire ces potagers avec des poutres ou planches en bois, des plaques en m\u00e9tal ou b\u00e9ton etc. Sur la march\u00e9 il y a aussi beaucoup des produits fini que vous pouvez installer comme une table.<\/p>\n<p>Pour la construction et le remplissage nous vous tenons volontier des indications de construction \u00e0 v\u00f4tre disposition.<\/p>\n","protected":false},"featured_media":1277,"template":"","meta":[],"product_brand":[],"product_cat":[44,813,70],"product_tag":[802,792,796],"class_list":{"0":"post-2076","1":"product","2":"type-product","3":"status-publish","4":"has-post-thumbnail","6":"product_cat-mobilier-protection-vue-et-decoration","7":"product_cat-murets-bois","8":"product_cat-potager-et-verger","9":"product_tag-bos","10":"product_tag-mrt","11":"product_tag-plts","13":"first","14":"instock","15":"virtual","16":"product-type-simple"},"_links":{"self":[{"href":"https:\/\/kaderli.ch\/fr\/wp-json\/wp\/v2\/product\/2076","targetHints":{"allow":["GET"]}}],"collection":[{"href":"https:\/\/kaderli.ch\/fr\/wp-json\/wp\/v2\/product"}],"about":[{"href":"https:\/\/kaderli.ch\/fr\/wp-json\/wp\/v2\/types\/product"}],"wp:featuredmedia":[{"embeddable":true,"href":"https:\/\/kaderli.ch\/fr\/wp-json\/wp\/v2\/media\/1277"}],"wp:attachment":[{"href":"https:\/\/kaderli.ch\/fr\/wp-json\/wp\/v2\/media?parent=2076"}],"wp:term":[{"taxonomy":"product_brand","embeddable":true,"href":"https:\/\/kaderli.ch\/fr\/wp-json\/wp\/v2\/product_brand?post=2076"},{"taxonomy":"product_cat","embeddable":true,"href":"https:\/\/kaderli.ch\/fr\/wp-json\/wp\/v2\/product_cat?post=2076"},{"taxonomy":"product_tag","embeddable":true,"href":"https:\/\/kaderli.ch\/fr\/wp-json\/wp\/v2\/product_tag?post=2076"}],"curies":[{"name":"wp","href":"https:\/\/api.w.org\/{rel}","templated":true}]}}