{"id":2077,"date":"2017-02-13T12:26:19","date_gmt":"2017-02-13T13:06:49","guid":{"rendered":"http:\/\/kaderli.dev\/product\/marches-en-bloc-naturel-scie\/"},"modified":"2018-11-27T18:01:22","modified_gmt":"2018-11-27T18:01:22","slug":"marches-en-bloc-naturel-scie","status":"publish","type":"product","link":"https:\/\/kaderli.ch\/fr\/product\/marches-en-bloc-naturel-scie\/","title":{"rendered":"marches en bloc naturel scie"},"content":{"rendered":"","protected":false},"excerpt":{"rendered":"<p>Aujourd&rsquo;hui beaucoup de pierres naturelles sont sci\u00e9 et \u00e9ventuellement traiter, par exemple sabl\u00e9, flamm\u00e9 ou bross\u00e9. Il en r\u00e9sulte des propres surfaces planes avec une belle structure naturelle. Attention, la pierre naturelle peut avoir des differences en couleurs des mod\u00e9les ou des images.<\/p>\n","protected":false},"featured_media":1279,"template":"","meta":[],"product_brand":[],"product_cat":[34],"product_tag":[790,800],"class_list":{"0":"post-2077","1":"product","2":"type-product","3":"status-publish","4":"has-post-thumbnail","6":"product_cat-marches-en-pierre-naturelle","7":"product_tag-esca","8":"product_tag-prn","9":"pa_dimensions-laenge-m-fr","10":"pa_similar-46-fr","12":"first","13":"instock","14":"virtual","15":"purchasable","16":"product-type-simple"},"_links":{"self":[{"href":"https:\/\/kaderli.ch\/fr\/wp-json\/wp\/v2\/product\/2077","targetHints":{"allow":["GET"]}}],"collection":[{"href":"https:\/\/kaderli.ch\/fr\/wp-json\/wp\/v2\/product"}],"about":[{"href":"https:\/\/kaderli.ch\/fr\/wp-json\/wp\/v2\/types\/product"}],"wp:featuredmedia":[{"embeddable":true,"href":"https:\/\/kaderli.ch\/fr\/wp-json\/wp\/v2\/media\/1279"}],"wp:attachment":[{"href":"https:\/\/kaderli.ch\/fr\/wp-json\/wp\/v2\/media?parent=2077"}],"wp:term":[{"taxonomy":"product_brand","embeddable":true,"href":"https:\/\/kaderli.ch\/fr\/wp-json\/wp\/v2\/product_brand?post=2077"},{"taxonomy":"product_cat","embeddable":true,"href":"https:\/\/kaderli.ch\/fr\/wp-json\/wp\/v2\/product_cat?post=2077"},{"taxonomy":"product_tag","embeddable":true,"href":"https:\/\/kaderli.ch\/fr\/wp-json\/wp\/v2\/product_tag?post=2077"}],"curies":[{"name":"wp","href":"https:\/\/api.w.org\/{rel}","templated":true}]}}