{"id":2078,"date":"2017-02-13T12:26:19","date_gmt":"2017-02-13T13:06:49","guid":{"rendered":"http:\/\/kaderli.dev\/product\/lampes-pour-bord-des-chemins-et-places\/"},"modified":"2018-09-24T17:47:19","modified_gmt":"2018-09-24T17:47:19","slug":"lampes-pour-bord-des-chemins-et-places","status":"publish","type":"product","link":"https:\/\/kaderli.ch\/fr\/product\/lampes-pour-bord-des-chemins-et-places\/","title":{"rendered":"Autres immages des luminaires exterieurs"},"content":{"rendered":"","protected":false},"excerpt":{"rendered":"<p>Ici vous pouvez trouver encore des autres immages des lumi\u00e8res les quel vous pourriez eventuellement donner des id\u00e9e \u00e0 votre recherche.<\/p>\n","protected":false},"featured_media":1281,"template":"","meta":[],"product_brand":[],"product_cat":[92,98],"product_tag":[804],"class_list":{"0":"post-2078","1":"product","2":"type-product","3":"status-publish","4":"has-post-thumbnail","6":"product_cat-entree-et-decoration","7":"product_cat-lumiere-dans-le-jardin","8":"product_tag-aed","10":"first","11":"instock","12":"virtual","13":"product-type-simple"},"_links":{"self":[{"href":"https:\/\/kaderli.ch\/fr\/wp-json\/wp\/v2\/product\/2078","targetHints":{"allow":["GET"]}}],"collection":[{"href":"https:\/\/kaderli.ch\/fr\/wp-json\/wp\/v2\/product"}],"about":[{"href":"https:\/\/kaderli.ch\/fr\/wp-json\/wp\/v2\/types\/product"}],"wp:featuredmedia":[{"embeddable":true,"href":"https:\/\/kaderli.ch\/fr\/wp-json\/wp\/v2\/media\/1281"}],"wp:attachment":[{"href":"https:\/\/kaderli.ch\/fr\/wp-json\/wp\/v2\/media?parent=2078"}],"wp:term":[{"taxonomy":"product_brand","embeddable":true,"href":"https:\/\/kaderli.ch\/fr\/wp-json\/wp\/v2\/product_brand?post=2078"},{"taxonomy":"product_cat","embeddable":true,"href":"https:\/\/kaderli.ch\/fr\/wp-json\/wp\/v2\/product_cat?post=2078"},{"taxonomy":"product_tag","embeddable":true,"href":"https:\/\/kaderli.ch\/fr\/wp-json\/wp\/v2\/product_tag?post=2078"}],"curies":[{"name":"wp","href":"https:\/\/api.w.org\/{rel}","templated":true}]}}