{"id":2081,"date":"2017-02-13T12:26:19","date_gmt":"2017-02-13T13:06:49","guid":{"rendered":"http:\/\/kaderli.dev\/product\/gazon-synthetique-perfect-eco\/"},"modified":"2017-11-04T14:16:33","modified_gmt":"2017-11-04T14:16:33","slug":"gazon-synthetique-perfect-eco","status":"publish","type":"product","link":"https:\/\/kaderli.ch\/fr\/product\/gazon-synthetique-perfect-eco\/","title":{"rendered":"PERFECT ECO"},"content":{"rendered":"","protected":false},"excerpt":{"rendered":"<p>Le mod\u00e8le PERFECT ECO ce compose de 80% du mat\u00e9riaux recycl\u00e9s et il a un aspect naturel trompeur.<\/p>\n<p>&#8211; Hauteur des brins: 40mm<\/p>\n<p>&#8211; Couleur: 4-Couleurs<\/p>\n<p>Ce produit \u00e9tait remplac\u00e9 par de nouveau mod\u00e8le ROYAL ECO.<\/p>\n<p>D\u00e9s que nous avons fait une installation avec ce mod\u00e8le, nous pourrons renouveler cette page.<\/p>\n<p>Pour des informations compl\u00e9mentaires voyez&nbsp; www.gazonartificielprofi.ch.<\/p>\n","protected":false},"featured_media":1291,"template":"","meta":[],"product_brand":[],"product_cat":[62],"product_tag":[806],"class_list":{"0":"post-2081","1":"product","2":"type-product","3":"status-publish","4":"has-post-thumbnail","6":"product_cat-sortes-du-gazon-synthetique","7":"product_tag-gza","8":"pa_link-www-kunstrasenprofi-ch-fr","10":"first","11":"instock","12":"virtual","13":"product-type-simple"},"_links":{"self":[{"href":"https:\/\/kaderli.ch\/fr\/wp-json\/wp\/v2\/product\/2081","targetHints":{"allow":["GET"]}}],"collection":[{"href":"https:\/\/kaderli.ch\/fr\/wp-json\/wp\/v2\/product"}],"about":[{"href":"https:\/\/kaderli.ch\/fr\/wp-json\/wp\/v2\/types\/product"}],"wp:featuredmedia":[{"embeddable":true,"href":"https:\/\/kaderli.ch\/fr\/wp-json\/wp\/v2\/media\/1291"}],"wp:attachment":[{"href":"https:\/\/kaderli.ch\/fr\/wp-json\/wp\/v2\/media?parent=2081"}],"wp:term":[{"taxonomy":"product_brand","embeddable":true,"href":"https:\/\/kaderli.ch\/fr\/wp-json\/wp\/v2\/product_brand?post=2081"},{"taxonomy":"product_cat","embeddable":true,"href":"https:\/\/kaderli.ch\/fr\/wp-json\/wp\/v2\/product_cat?post=2081"},{"taxonomy":"product_tag","embeddable":true,"href":"https:\/\/kaderli.ch\/fr\/wp-json\/wp\/v2\/product_tag?post=2081"}],"curies":[{"name":"wp","href":"https:\/\/api.w.org\/{rel}","templated":true}]}}