{"id":2083,"date":"2017-02-13T12:26:19","date_gmt":"2017-02-13T13:06:49","guid":{"rendered":"http:\/\/kaderli.dev\/product\/jardin-ballast-combinee\/"},"modified":"2017-10-21T14:02:47","modified_gmt":"2017-10-21T14:02:47","slug":"jardin-ballast-combinee","status":"publish","type":"product","link":"https:\/\/kaderli.ch\/fr\/product\/jardin-ballast-combinee\/","title":{"rendered":"Jardin en galets"},"content":{"rendered":"<p>Le jardin&nbsp;en galets est devenu populaire ces derni\u00e8res ann\u00e9es, car il donne peu d&rsquo;entretien.&nbsp;Mais cela est une information que pour le d\u00e9part.&nbsp;Dans de nombreux cas, l&rsquo;entretien au d\u00e9but est effective plus maniable, mais augmente de fa\u00e7on continue et devient&nbsp; avec le temps&nbsp;m\u00eame plus intense qu&rsquo;une zone en plantation, parce que les pierres deviennent noires&nbsp;et&nbsp;les mauvaises herbes&nbsp;se d\u00e9veloppes plus en plus puis que il y a de la mati\u00e8re organique qui rentre de l&rsquo;ext\u00e9rieur. Par cons\u00e9quent, nous vous conseillerons de planter assez des couvre-sols dans les surfaces galets pour que les plantes prennent avec les ann\u00e9es la couverture de la surface.<\/p>\n<p>Des conif\u00e8res ou petit buissons se laissent tr\u00e8s bien combiner avec les galets.<\/p>\n","protected":false},"excerpt":{"rendered":"<p>Le jardin en ballast est l&rsquo;une des options moins co\u00fbteuses pour d\u00e9corer des surfaces sans g\u00e9n\u00e9rer beaucoup d&rsquo;entretien. Les diff\u00e9rents types de ballast peut faire varier en s\u00e9lectionnant les diff\u00e9rentes couleurs et granulom\u00e9tries de pierres.<br \/>\nMais il est important pour la r\u00e9duction des invasion des mauvaises herbes de poser un tissus de bonne qualit\u00e9e sur le sol dessous les galets.<br \/>\nUne plantation ne devrais quand m\u00eame pas manquer. Des conif\u00e8res ou petit buissons se laissent tr\u00e8s bien combiner avec les galets.<\/p>\n","protected":false},"featured_media":1296,"template":"","meta":[],"product_brand":[],"product_cat":[43],"product_tag":[808],"class_list":{"0":"post-2083","1":"product","2":"type-product","3":"status-publish","4":"has-post-thumbnail","6":"product_cat-jardin-de-pierres","7":"product_tag-ftajdp","8":"pa_dimensions-laenge-m-x-breite-m-fr","10":"first","11":"instock","12":"virtual","13":"purchasable","14":"product-type-simple"},"_links":{"self":[{"href":"https:\/\/kaderli.ch\/fr\/wp-json\/wp\/v2\/product\/2083","targetHints":{"allow":["GET"]}}],"collection":[{"href":"https:\/\/kaderli.ch\/fr\/wp-json\/wp\/v2\/product"}],"about":[{"href":"https:\/\/kaderli.ch\/fr\/wp-json\/wp\/v2\/types\/product"}],"wp:featuredmedia":[{"embeddable":true,"href":"https:\/\/kaderli.ch\/fr\/wp-json\/wp\/v2\/media\/1296"}],"wp:attachment":[{"href":"https:\/\/kaderli.ch\/fr\/wp-json\/wp\/v2\/media?parent=2083"}],"wp:term":[{"taxonomy":"product_brand","embeddable":true,"href":"https:\/\/kaderli.ch\/fr\/wp-json\/wp\/v2\/product_brand?post=2083"},{"taxonomy":"product_cat","embeddable":true,"href":"https:\/\/kaderli.ch\/fr\/wp-json\/wp\/v2\/product_cat?post=2083"},{"taxonomy":"product_tag","embeddable":true,"href":"https:\/\/kaderli.ch\/fr\/wp-json\/wp\/v2\/product_tag?post=2083"}],"curies":[{"name":"wp","href":"https:\/\/api.w.org\/{rel}","templated":true}]}}