{"id":2085,"date":"2017-02-13T12:26:32","date_gmt":"2017-02-13T13:07:03","guid":{"rendered":"http:\/\/kaderli.dev\/product\/transplantation-des-arbres\/"},"modified":"2019-12-14T15:43:31","modified_gmt":"2019-12-14T15:43:31","slug":"transplantation-des-arbres","status":"publish","type":"product","link":"https:\/\/kaderli.ch\/fr\/product\/transplantation-des-arbres\/","title":{"rendered":"Transplantation d&rsquo;arbres"},"content":{"rendered":"<p>Principalement, chaque arbre peut \u00eatre transplant\u00e9. Cependant, la complexit\u00e9 et donc les co\u00fbt montent \u00e0 un certain moment trop haut par rapport du valeur de l&rsquo;arbre.<br \/>\nAvec l&rsquo;\u00e2ge de l&rsquo;arbre, le risque qu&rsquo;il ne tol\u00e8re pas la transplantation augmonte.<br \/>\n5-6 an\u00e9es d&rsquo; apr\u00e8s la plantation, en principe ce n&rsquo; est pas un grand probl\u00e8me de transplanter un arbre. 5 \u00e0 10 ann\u00e9es d&rsquo;apr\u00e8s la plantation, c&rsquo;est d\u00e9j\u00e0 plus difficile et le risque augmonte que l&rsquo;arbre ne support pas la transplantation. 10 ann\u00e9es d&rsquo;apr\u00e8s la plantation il faut d\u00e9j\u00e0 des bonnes raisons \u00e9motionnelles d&rsquo; investir les frais pour transplanter un arbre puis que l&rsquo;effort et les engins sont d\u00e9j\u00e0 tr\u00e8s gros pour r\u00e9aliser ces travaux.<\/p>\n","protected":false},"excerpt":{"rendered":"<p>Principalement, chaque arbre peut \u00eatre transplant\u00e9. Cependant, la complexit\u00e9 et donc les co\u00fbt montent \u00e0 un certain moment trop haut par rapport du valeur de l&rsquo;arbre.<br \/>\nAvec l&rsquo;\u00e2ge de la plantation, le risque que l&rsquo;arbre ne tol\u00e8re pas la transplantation monte.<br \/>\n5-6 ans apr\u00e8s la plantation d&rsquo;un arbre, il ne est g\u00e9n\u00e9ralement pas un probl\u00e8me de transplanter un arbre. 5 \u00e0 10 ans apr\u00e8s la plantation, il est d\u00e9j\u00e0 plus difficile le risque augmonte que l&rsquo;arbre ne support pas la transplantation. 10 ann\u00e9es apr\u00e8s la plantation il faut d\u00e9j\u00e0 des bonnes raisons \u00e9motionnelles de investir les frais pour transplanter un arbre.<\/p>\n","protected":false},"featured_media":5103,"template":"","meta":[],"product_brand":[],"product_cat":[99],"product_tag":[796],"class_list":{"0":"post-2085","1":"product","2":"type-product","3":"status-publish","4":"has-post-thumbnail","6":"product_cat-transplantation","7":"product_tag-plts","9":"first","10":"instock","11":"virtual","12":"product-type-simple"},"_links":{"self":[{"href":"https:\/\/kaderli.ch\/fr\/wp-json\/wp\/v2\/product\/2085","targetHints":{"allow":["GET"]}}],"collection":[{"href":"https:\/\/kaderli.ch\/fr\/wp-json\/wp\/v2\/product"}],"about":[{"href":"https:\/\/kaderli.ch\/fr\/wp-json\/wp\/v2\/types\/product"}],"wp:featuredmedia":[{"embeddable":true,"href":"https:\/\/kaderli.ch\/fr\/wp-json\/wp\/v2\/media\/5103"}],"wp:attachment":[{"href":"https:\/\/kaderli.ch\/fr\/wp-json\/wp\/v2\/media?parent=2085"}],"wp:term":[{"taxonomy":"product_brand","embeddable":true,"href":"https:\/\/kaderli.ch\/fr\/wp-json\/wp\/v2\/product_brand?post=2085"},{"taxonomy":"product_cat","embeddable":true,"href":"https:\/\/kaderli.ch\/fr\/wp-json\/wp\/v2\/product_cat?post=2085"},{"taxonomy":"product_tag","embeddable":true,"href":"https:\/\/kaderli.ch\/fr\/wp-json\/wp\/v2\/product_tag?post=2085"}],"curies":[{"name":"wp","href":"https:\/\/api.w.org\/{rel}","templated":true}]}}