{"id":2086,"date":"2017-02-13T12:26:32","date_gmt":"2017-02-13T13:07:03","guid":{"rendered":"http:\/\/kaderli.dev\/product\/gabions-parevents\/"},"modified":"2018-11-16T13:12:17","modified_gmt":"2018-11-16T13:12:17","slug":"gabions-parevents","status":"publish","type":"product","link":"https:\/\/kaderli.ch\/fr\/product\/gabions-parevents\/","title":{"rendered":"gabions-parevents"},"content":{"rendered":"","protected":false},"excerpt":{"rendered":"<p>le protection de vue en gabions permets des possibilit\u00e9s ind\u00e9termin\u00e9 de la cr\u00e9ation et de combinaisons.<br \/>\nLa largeur des gabions mesure g\u00e9n\u00e9ralement entre 15 et 25cm.<br \/>\nLes paniers sont fabriqu\u00e9s sur commande. Cela signifie que toutes les longueurs et les hauteurs sont possibles.<br \/>\nLes gabions sont scel\u00e9s ou viss\u00e9es dans une fondation en b\u00e9ton.<\/p>\n","protected":false},"featured_media":1300,"template":"","meta":[],"product_brand":[],"product_cat":[843,88],"product_tag":[794],"class_list":{"0":"post-2086","1":"product","2":"type-product","3":"status-publish","4":"has-post-thumbnail","6":"product_cat-divers-protection-de-vue","7":"product_cat-gabbions-de-pierres","8":"product_tag-prv","9":"pa_dimensions-hoehe-m-x-laenge-m-fr","11":"first","12":"instock","13":"purchasable","14":"product-type-simple"},"_links":{"self":[{"href":"https:\/\/kaderli.ch\/fr\/wp-json\/wp\/v2\/product\/2086","targetHints":{"allow":["GET"]}}],"collection":[{"href":"https:\/\/kaderli.ch\/fr\/wp-json\/wp\/v2\/product"}],"about":[{"href":"https:\/\/kaderli.ch\/fr\/wp-json\/wp\/v2\/types\/product"}],"wp:featuredmedia":[{"embeddable":true,"href":"https:\/\/kaderli.ch\/fr\/wp-json\/wp\/v2\/media\/1300"}],"wp:attachment":[{"href":"https:\/\/kaderli.ch\/fr\/wp-json\/wp\/v2\/media?parent=2086"}],"wp:term":[{"taxonomy":"product_brand","embeddable":true,"href":"https:\/\/kaderli.ch\/fr\/wp-json\/wp\/v2\/product_brand?post=2086"},{"taxonomy":"product_cat","embeddable":true,"href":"https:\/\/kaderli.ch\/fr\/wp-json\/wp\/v2\/product_cat?post=2086"},{"taxonomy":"product_tag","embeddable":true,"href":"https:\/\/kaderli.ch\/fr\/wp-json\/wp\/v2\/product_tag?post=2086"}],"curies":[{"name":"wp","href":"https:\/\/api.w.org\/{rel}","templated":true}]}}