{"id":3096,"date":"2017-08-17T16:32:02","date_gmt":"2017-08-17T16:32:03","guid":{"rendered":"http:\/\/www.kaderli.ch\/?post_type=product&#038;p=3096\/"},"modified":"2017-12-09T13:37:52","modified_gmt":"2017-12-09T13:37:52","slug":"balancoire-kopie","status":"publish","type":"product","link":"https:\/\/kaderli.ch\/fr\/product\/balancoire-kopie\/","title":{"rendered":"Balan\u00e7oire double m\u00e9tal"},"content":{"rendered":"","protected":false},"excerpt":{"rendered":"<p>Cette balancoire double en m\u00e9tal calvanis\u00e9 nous pouvons aussi fournir comme balan\u00e7oire simple ou avec un raccord pour anneau de gym lat\u00e9raux ou trap\u00e8ze lat\u00e9ral.<\/p>\n<p>La hauteur de chute est 125cm, la dimension de la surface protection chute est 300 x 700cm sans raccords.<\/p>\n<p>Le prix se compte avec fourniture, montage et 2 si\u00e8ges, sans protection chute.<\/p>\n","protected":false},"featured_media":3098,"template":"","meta":[],"product_brand":[],"product_cat":[77],"product_tag":[818],"class_list":{"0":"post-3096","1":"product","2":"type-product","3":"status-publish","4":"has-post-thumbnail","6":"product_cat-place-de-jeux-et-engins","7":"product_tag-jeuxsport","8":"pa_dimensions-stueck-fr","10":"first","11":"instock","12":"purchasable","13":"product-type-simple"},"_links":{"self":[{"href":"https:\/\/kaderli.ch\/fr\/wp-json\/wp\/v2\/product\/3096","targetHints":{"allow":["GET"]}}],"collection":[{"href":"https:\/\/kaderli.ch\/fr\/wp-json\/wp\/v2\/product"}],"about":[{"href":"https:\/\/kaderli.ch\/fr\/wp-json\/wp\/v2\/types\/product"}],"wp:featuredmedia":[{"embeddable":true,"href":"https:\/\/kaderli.ch\/fr\/wp-json\/wp\/v2\/media\/3098"}],"wp:attachment":[{"href":"https:\/\/kaderli.ch\/fr\/wp-json\/wp\/v2\/media?parent=3096"}],"wp:term":[{"taxonomy":"product_brand","embeddable":true,"href":"https:\/\/kaderli.ch\/fr\/wp-json\/wp\/v2\/product_brand?post=3096"},{"taxonomy":"product_cat","embeddable":true,"href":"https:\/\/kaderli.ch\/fr\/wp-json\/wp\/v2\/product_cat?post=3096"},{"taxonomy":"product_tag","embeddable":true,"href":"https:\/\/kaderli.ch\/fr\/wp-json\/wp\/v2\/product_tag?post=3096"}],"curies":[{"name":"wp","href":"https:\/\/api.w.org\/{rel}","templated":true}]}}