{"id":3305,"date":"2017-08-26T14:56:03","date_gmt":"2017-08-26T14:59:36","guid":{"rendered":"http:\/\/www.kaderli.ch\/?post_type=product&#038;p=3305\/"},"modified":"2017-08-26T15:08:55","modified_gmt":"2017-08-26T15:08:55","slug":"graminees-ornementales","status":"publish","type":"product","link":"https:\/\/kaderli.ch\/fr\/product\/graminees-ornementales\/","title":{"rendered":"Gramin\u00e9es ornementales"},"content":{"rendered":"","protected":false},"excerpt":{"rendered":"<p>Les gramin\u00e9es ornementales sont un \u00e9l\u00e9ment assez r\u00e9cent de l&#039;am\u00e9nagement des jardins.  Ils de pr\u00e9sent tr\u00e9s bien dans les plantations vivaces et\/ou dans les plantes tapissantes.<\/p>\n","protected":false},"featured_media":3307,"template":"","meta":[],"product_brand":[],"product_cat":[68],"product_tag":[796],"class_list":{"0":"post-3305","1":"product","2":"type-product","3":"status-publish","4":"has-post-thumbnail","6":"product_cat-plantations-melangee","7":"product_tag-plts","9":"first","10":"instock","11":"shipping-taxable","12":"product-type-simple"},"_links":{"self":[{"href":"https:\/\/kaderli.ch\/fr\/wp-json\/wp\/v2\/product\/3305","targetHints":{"allow":["GET"]}}],"collection":[{"href":"https:\/\/kaderli.ch\/fr\/wp-json\/wp\/v2\/product"}],"about":[{"href":"https:\/\/kaderli.ch\/fr\/wp-json\/wp\/v2\/types\/product"}],"wp:featuredmedia":[{"embeddable":true,"href":"https:\/\/kaderli.ch\/fr\/wp-json\/wp\/v2\/media\/3307"}],"wp:attachment":[{"href":"https:\/\/kaderli.ch\/fr\/wp-json\/wp\/v2\/media?parent=3305"}],"wp:term":[{"taxonomy":"product_brand","embeddable":true,"href":"https:\/\/kaderli.ch\/fr\/wp-json\/wp\/v2\/product_brand?post=3305"},{"taxonomy":"product_cat","embeddable":true,"href":"https:\/\/kaderli.ch\/fr\/wp-json\/wp\/v2\/product_cat?post=3305"},{"taxonomy":"product_tag","embeddable":true,"href":"https:\/\/kaderli.ch\/fr\/wp-json\/wp\/v2\/product_tag?post=3305"}],"curies":[{"name":"wp","href":"https:\/\/api.w.org\/{rel}","templated":true}]}}