{"id":3533,"date":"2017-09-09T08:02:44","date_gmt":"2017-09-09T08:08:18","guid":{"rendered":"http:\/\/www.kaderli.ch\/?post_type=product&#038;p=3533\/"},"modified":"2017-09-09T08:08:59","modified_gmt":"2017-09-09T08:08:59","slug":"brossage-du-gazon-artificiel","status":"publish","type":"product","link":"https:\/\/kaderli.ch\/fr\/product\/brossage-du-gazon-artificiel\/","title":{"rendered":"Brossage du gazon artificiel"},"content":{"rendered":"","protected":false},"excerpt":{"rendered":"<p>Le brossage de la pelouse artificielle c&rsquo;est l&rsquo;intervention id\u00e9ale pour une plus grande surface dans le jardin, place de jeux ou sport. On r\u00e9alise ce travail id\u00e9alement 1-2 fois par ann\u00e9e (selon utilisation) pr\u00e9f\u00e9rable l&rsquo;automne et\/ou le printemps.<\/p>\n<p>Avec le brossage la salt\u00e9 et ramass\u00e9 et les brains sont de nouveau \u00e0 la bonne direction.<\/p>\n","protected":false},"featured_media":3531,"template":"","meta":[],"product_brand":[],"product_cat":[64],"product_tag":[806],"class_list":{"0":"post-3533","1":"product","2":"type-product","3":"status-publish","4":"has-post-thumbnail","6":"product_cat-entretien-du-gazon-synthetique","7":"product_tag-gza","9":"first","10":"instock","11":"shipping-taxable","12":"product-type-simple"},"_links":{"self":[{"href":"https:\/\/kaderli.ch\/fr\/wp-json\/wp\/v2\/product\/3533","targetHints":{"allow":["GET"]}}],"collection":[{"href":"https:\/\/kaderli.ch\/fr\/wp-json\/wp\/v2\/product"}],"about":[{"href":"https:\/\/kaderli.ch\/fr\/wp-json\/wp\/v2\/types\/product"}],"wp:featuredmedia":[{"embeddable":true,"href":"https:\/\/kaderli.ch\/fr\/wp-json\/wp\/v2\/media\/3531"}],"wp:attachment":[{"href":"https:\/\/kaderli.ch\/fr\/wp-json\/wp\/v2\/media?parent=3533"}],"wp:term":[{"taxonomy":"product_brand","embeddable":true,"href":"https:\/\/kaderli.ch\/fr\/wp-json\/wp\/v2\/product_brand?post=3533"},{"taxonomy":"product_cat","embeddable":true,"href":"https:\/\/kaderli.ch\/fr\/wp-json\/wp\/v2\/product_cat?post=3533"},{"taxonomy":"product_tag","embeddable":true,"href":"https:\/\/kaderli.ch\/fr\/wp-json\/wp\/v2\/product_tag?post=3533"}],"curies":[{"name":"wp","href":"https:\/\/api.w.org\/{rel}","templated":true}]}}