{"id":3537,"date":"2017-09-09T13:43:21","date_gmt":"2017-09-09T13:51:05","guid":{"rendered":"http:\/\/www.kaderli.ch\/?post_type=product&#038;p=3537\/"},"modified":"2017-09-09T15:10:57","modified_gmt":"2017-09-09T15:10:57","slug":"balcon-dalles-ou-sol-en-beton","status":"publish","type":"product","link":"https:\/\/kaderli.ch\/fr\/product\/balcon-dalles-ou-sol-en-beton\/","title":{"rendered":"Pose sur fond dur"},"content":{"rendered":"","protected":false},"excerpt":{"rendered":"<p>Sur le balcon, une dallage en dalle de jardin ou une dalle en b\u00e9ton, le gazon artificiel peut \u00eatre instal\u00e9 directement sur le sol. Les bords et les la transition de deux differents pi\u00e8ces s\u00e9ront fix\u00e9 sur le sol moyen d&rsquo;en scotch double face pour tapis (pour d\u00e9s gazons qui s\u00e9rat peut-\u00eatre d\u00e9plac\u00e9 plus tard par exemple aux appartements location) ou fix\u00e9 avec la mousse pour des gazons qui doivent tenir en longe terme.<\/p>\n<p>L&rsquo;\u00e9vacuation des eaux pluivale doit \u00eatre accord\u00e9. Si la dalle n&rsquo;a pas assez de pente, vaut mieux de poser une natte drainante dessous le tapis de gazon. &nbsp;Cela vous pouvez re\u00e7evoir aussi chez nous. Cette natte drainant peut avoir en m\u00eame temps l&rsquo;effect de protection du sous-sol (par expemple sur toit plat avec \u00e9tancheit\u00e9 bitumineuse) ou une protection de chute supp\u00e9mentaire aux surfaces de jeux.<\/p>\n","protected":false},"featured_media":3555,"template":"","meta":[],"product_brand":[],"product_cat":[63],"product_tag":[806],"class_list":{"0":"post-3537","1":"product","2":"type-product","3":"status-publish","4":"has-post-thumbnail","6":"product_cat-preparation-du-sol-pour-le-gazon-synthetique","7":"product_tag-gza","9":"first","10":"instock","11":"shipping-taxable","12":"product-type-simple"},"_links":{"self":[{"href":"https:\/\/kaderli.ch\/fr\/wp-json\/wp\/v2\/product\/3537","targetHints":{"allow":["GET"]}}],"collection":[{"href":"https:\/\/kaderli.ch\/fr\/wp-json\/wp\/v2\/product"}],"about":[{"href":"https:\/\/kaderli.ch\/fr\/wp-json\/wp\/v2\/types\/product"}],"wp:featuredmedia":[{"embeddable":true,"href":"https:\/\/kaderli.ch\/fr\/wp-json\/wp\/v2\/media\/3555"}],"wp:attachment":[{"href":"https:\/\/kaderli.ch\/fr\/wp-json\/wp\/v2\/media?parent=3537"}],"wp:term":[{"taxonomy":"product_brand","embeddable":true,"href":"https:\/\/kaderli.ch\/fr\/wp-json\/wp\/v2\/product_brand?post=3537"},{"taxonomy":"product_cat","embeddable":true,"href":"https:\/\/kaderli.ch\/fr\/wp-json\/wp\/v2\/product_cat?post=3537"},{"taxonomy":"product_tag","embeddable":true,"href":"https:\/\/kaderli.ch\/fr\/wp-json\/wp\/v2\/product_tag?post=3537"}],"curies":[{"name":"wp","href":"https:\/\/api.w.org\/{rel}","templated":true}]}}