{"id":4129,"date":"2017-09-23T15:44:40","date_gmt":"2017-09-23T15:44:40","guid":{"rendered":"http:\/\/www.kaderli.ch\/?post_type=product&#038;p=4129"},"modified":"2018-08-25T15:32:01","modified_gmt":"2018-08-25T15:32:01","slug":"le-system-pare-vue-en-aluminium-kopie-2","status":"publish","type":"product","link":"https:\/\/kaderli.ch\/fr\/product\/le-system-pare-vue-en-aluminium-kopie-2\/","title":{"rendered":"Le system: pare-vue en fibres synth\u00e9tiques"},"content":{"rendered":"","protected":false},"excerpt":{"rendered":"<p>Le Parois FOREST AVENUE se compose d&rsquo;un cadre termolaqu\u00e9 et du tressage aux fibres en poly\u00e9thyl\u00e8ne recycl\u00e9s avec du fibres en bois.&nbsp;<\/p>\n<p>A disposition nous avons:<\/p>\n<ul>\n<li>tressage simple<\/li>\n<li>tressage double<\/li>\n<li>ECOwood avec Fibre plat.<\/li>\n<\/ul>\n<p>Les dimmensions: Largeur x hauteur:<\/p>\n<ul>\n<li>150 x 180 cm<\/li>\n<li>150 x 150 cm<\/li>\n<li>150 x 120 cm<\/li>\n<\/ul>\n<p>Les couleurs:<\/p>\n<p><a href=\"https:\/\/www.kaderli.ch\/wp-content\/uploads\/2017\/09\/Farbenpallette-1kl.jpg\"><img decoding=\"async\" class=\"alignnone size-full wp-image-4613\" src=\"https:\/\/www.kaderli.ch\/wp-content\/uploads\/2017\/09\/Farbenpallette-1kl.jpg\" alt=\"\" width=\"300\" height=\"400\" srcset=\"https:\/\/kaderli.ch\/wp-content\/uploads\/2017\/09\/Farbenpallette-1kl-225x300.jpg 225w, https:\/\/kaderli.ch\/wp-content\/uploads\/2017\/09\/Farbenpallette-1kl.jpg 300w\" sizes=\"(max-width: 300px) 100vw, 300px\" \/><\/a><\/p>\n<p>Visitez notre exposition \u00e0 D\u00fcdingen.<\/p>\n","protected":false},"featured_media":4610,"template":"","meta":[],"product_brand":[],"product_cat":[839,76],"product_tag":[794],"class_list":{"0":"post-4129","1":"product","2":"type-product","3":"status-publish","4":"has-post-thumbnail","6":"product_cat-parois-tressee-forest-avenue","7":"product_cat-protection-vue-et-pergola","8":"product_tag-prv","10":"first","11":"instock","12":"shipping-taxable","13":"product-type-simple"},"_links":{"self":[{"href":"https:\/\/kaderli.ch\/fr\/wp-json\/wp\/v2\/product\/4129","targetHints":{"allow":["GET"]}}],"collection":[{"href":"https:\/\/kaderli.ch\/fr\/wp-json\/wp\/v2\/product"}],"about":[{"href":"https:\/\/kaderli.ch\/fr\/wp-json\/wp\/v2\/types\/product"}],"wp:featuredmedia":[{"embeddable":true,"href":"https:\/\/kaderli.ch\/fr\/wp-json\/wp\/v2\/media\/4610"}],"wp:attachment":[{"href":"https:\/\/kaderli.ch\/fr\/wp-json\/wp\/v2\/media?parent=4129"}],"wp:term":[{"taxonomy":"product_brand","embeddable":true,"href":"https:\/\/kaderli.ch\/fr\/wp-json\/wp\/v2\/product_brand?post=4129"},{"taxonomy":"product_cat","embeddable":true,"href":"https:\/\/kaderli.ch\/fr\/wp-json\/wp\/v2\/product_cat?post=4129"},{"taxonomy":"product_tag","embeddable":true,"href":"https:\/\/kaderli.ch\/fr\/wp-json\/wp\/v2\/product_tag?post=4129"}],"curies":[{"name":"wp","href":"https:\/\/api.w.org\/{rel}","templated":true}]}}