{"id":4208,"date":"2017-11-04T08:14:46","date_gmt":"2017-11-04T08:14:47","guid":{"rendered":"http:\/\/www.kaderli.ch\/?post_type=product&#038;p=4208"},"modified":"2017-11-04T09:02:31","modified_gmt":"2017-11-04T09:02:31","slug":"cloture-croise-bois-kopie","status":"publish","type":"product","link":"https:\/\/kaderli.ch\/fr\/product\/cloture-croise-bois-kopie\/","title":{"rendered":"Cl\u00f4ture lattes"},"content":{"rendered":"","protected":false},"excerpt":{"rendered":"<p>La cl\u00f4ture en lattes peut \u00eatre r\u00e9alis\u00e9 en lattes demi ronde ou en lattes carr\u00e9s. Divers dimensions et \u00e9paisseurs sont disponible sur la march\u00e9.<\/p>\n<p>Les mieux adapt\u00e9es sont les lattes impr\u00e9gn\u00e9es sous pression.&nbsp;<\/p>\n<p>Les poteaux peuvent \u00eatre en bois ou en fer T galvanis\u00e9, et si n\u00e9cessaire pour une fixation plus solide, comme supl\u00eament des plaques de fixation peuvent \u00eatre rajout\u00e9.<\/p>\n","protected":false},"featured_media":4210,"template":"","meta":[],"product_brand":[],"product_cat":[47],"product_tag":[804],"class_list":{"0":"post-4208","1":"product","2":"type-product","3":"status-publish","4":"has-post-thumbnail","6":"product_cat-cloture-bois","7":"product_tag-aed","8":"pa_dimensions-laenge-m-fr","9":"pa_id-126-fr","11":"first","12":"instock","13":"virtual","14":"purchasable","15":"product-type-simple"},"_links":{"self":[{"href":"https:\/\/kaderli.ch\/fr\/wp-json\/wp\/v2\/product\/4208","targetHints":{"allow":["GET"]}}],"collection":[{"href":"https:\/\/kaderli.ch\/fr\/wp-json\/wp\/v2\/product"}],"about":[{"href":"https:\/\/kaderli.ch\/fr\/wp-json\/wp\/v2\/types\/product"}],"wp:featuredmedia":[{"embeddable":true,"href":"https:\/\/kaderli.ch\/fr\/wp-json\/wp\/v2\/media\/4210"}],"wp:attachment":[{"href":"https:\/\/kaderli.ch\/fr\/wp-json\/wp\/v2\/media?parent=4208"}],"wp:term":[{"taxonomy":"product_brand","embeddable":true,"href":"https:\/\/kaderli.ch\/fr\/wp-json\/wp\/v2\/product_brand?post=4208"},{"taxonomy":"product_cat","embeddable":true,"href":"https:\/\/kaderli.ch\/fr\/wp-json\/wp\/v2\/product_cat?post=4208"},{"taxonomy":"product_tag","embeddable":true,"href":"https:\/\/kaderli.ch\/fr\/wp-json\/wp\/v2\/product_tag?post=4208"}],"curies":[{"name":"wp","href":"https:\/\/api.w.org\/{rel}","templated":true}]}}