{"id":4452,"date":"2018-01-27T14:18:24","date_gmt":"2018-01-27T14:18:25","guid":{"rendered":"https:\/\/www.kaderli.ch\/?post_type=product&#038;p=4452"},"modified":"2018-01-27T14:46:06","modified_gmt":"2018-01-27T14:46:06","slug":"piscine-enterre-avec-panneau-et-liner-kopie","status":"publish","type":"product","link":"https:\/\/kaderli.ch\/fr\/product\/piscine-enterre-avec-panneau-et-liner-kopie\/","title":{"rendered":"Piscine en bois"},"content":{"rendered":"<p>www.holc.ch<\/p>\n","protected":false},"excerpt":{"rendered":"<p><strong>Trouvez pour vous:<\/strong><\/p>\n<p>&nbsp;<\/p>\n<p>Une piscine enti\u00e8rement en bois. M\u00eame cela est possible. Le fait que le bois soit compl\u00e8tement sous l&rsquo;eau, une pourriture n&rsquo;est pas possible. Dans ce syst\u00e8me, la purification de l&rsquo;eau se passe avec une filtration biologique, ce qui rend l&rsquo;utilisation de la chimie inutile.<br \/>\nLe bassin peut \u00eatre construit individuellement, ou compl\u00e9t\u00e9 avec une zone d&rsquo;eau peu profonde avec ou sans plantes, pierres d&rsquo;enrochements et de nombreuses autres options.<\/p>\n","protected":false},"featured_media":4454,"template":"","meta":[],"product_brand":[],"product_cat":[45,78],"product_tag":[802,810],"class_list":{"0":"post-4452","1":"product","2":"type-product","3":"status-publish","4":"has-post-thumbnail","6":"product_cat-baigner","7":"product_cat-piscine","8":"product_tag-bos","9":"product_tag-eau","10":"pa_dimensions-quadratmeter-fr","11":"pa_id-142-fr","12":"pa_link-www-piscine-aebi-kaderli-ch-fr","13":"pa_similar-170-fr","15":"first","16":"instock","17":"virtual","18":"product-type-simple"},"_links":{"self":[{"href":"https:\/\/kaderli.ch\/fr\/wp-json\/wp\/v2\/product\/4452","targetHints":{"allow":["GET"]}}],"collection":[{"href":"https:\/\/kaderli.ch\/fr\/wp-json\/wp\/v2\/product"}],"about":[{"href":"https:\/\/kaderli.ch\/fr\/wp-json\/wp\/v2\/types\/product"}],"wp:featuredmedia":[{"embeddable":true,"href":"https:\/\/kaderli.ch\/fr\/wp-json\/wp\/v2\/media\/4454"}],"wp:attachment":[{"href":"https:\/\/kaderli.ch\/fr\/wp-json\/wp\/v2\/media?parent=4452"}],"wp:term":[{"taxonomy":"product_brand","embeddable":true,"href":"https:\/\/kaderli.ch\/fr\/wp-json\/wp\/v2\/product_brand?post=4452"},{"taxonomy":"product_cat","embeddable":true,"href":"https:\/\/kaderli.ch\/fr\/wp-json\/wp\/v2\/product_cat?post=4452"},{"taxonomy":"product_tag","embeddable":true,"href":"https:\/\/kaderli.ch\/fr\/wp-json\/wp\/v2\/product_tag?post=4452"}],"curies":[{"name":"wp","href":"https:\/\/api.w.org\/{rel}","templated":true}]}}